{"id":14440,"date":"2025-10-15T15:31:59","date_gmt":"2025-10-15T13:31:59","guid":{"rendered":"https:\/\/babolnamenes.hu\/?page_id=14440"},"modified":"2025-10-15T15:32:38","modified_gmt":"2025-10-15T13:32:38","slug":"thoroughbred-broodmares","status":"publish","type":"page","link":"https:\/\/babolnamenes.hu\/en\/thoroughbred-broodmares\/","title":{"rendered":"Thoroughbred broodmares"},"content":{"rendered":"<table width=\"902\">\n<tbody>\n<tr>\n<td width=\"197\">Name<\/td>\n<td width=\"85\">Year of birth<\/td>\n<td width=\"88\">Color<\/td>\n<td width=\"177\">Fatger<\/td>\n<td width=\"196\">Mother<\/td>\n<td width=\"159\">Covered in 2025<\/td>\n<\/tr>\n<tr>\n<td>Aeronwy Thomas (IRE)\u00a0<\/td>\n<td>2011<\/td>\n<td>bay<\/td>\n<td>Dylan Thomas (IRE)<\/td>\n<td>Champs Elysees (GB)<\/td>\n<td>Pigeon Catcher (IRE)<\/td>\n<\/tr>\n<tr>\n<td>Ainippe (IRE)<\/td>\n<td>2012<\/td>\n<td>bay<\/td>\n<td>Captain Rio (GB)<\/td>\n<td>Imitation (GB)<\/td>\n<td>\u00c9crivain (FR)<\/td>\n<\/tr>\n<tr>\n<td>Alsace (GB)<\/td>\n<td>2005<\/td>\n<td>bay<\/td>\n<td>King&#8217;s Best (USA)<\/td>\n<td>Annex (GB)<\/td>\n<td>\u00c9crivain (FR)<\/td>\n<\/tr>\n<tr>\n<td>Alternanthera (GB)<\/td>\n<td>2014<\/td>\n<td>bay<\/td>\n<td>Nayef (USA)<\/td>\n<td>Alakananda (GB)<\/td>\n<td>\u00c9crivain (FR)<\/td>\n<\/tr>\n<tr>\n<td>Ancient Longing (GB)<\/td>\n<td>2014<\/td>\n<td>bay<\/td>\n<td>Nathaniel (IRE)<\/td>\n<td>Longing To Dance (GB)<\/td>\n<td>\u00c9crivain (FR)<\/td>\n<\/tr>\n<tr>\n<td>Boutique Alexander (IRE)<\/td>\n<td>2022<\/td>\n<td>bay<\/td>\n<td>Magna Grecia (IRE)<\/td>\n<td>Rapacity Alexander (IRE)<\/td>\n<td>\u00c9crivain (FR)<\/td>\n<\/tr>\n<tr>\n<td>Carina<\/td>\n<td>2016<\/td>\n<td>chestnut<\/td>\n<td>Steady As A Rock (FR)<\/td>\n<td>Chiaraluna (SVK)<\/td>\n<td>&#8211;<\/td>\n<\/tr>\n<tr>\n<td>Chiaraluna (SVK)<\/td>\n<td>2007<\/td>\n<td>chestnut<\/td>\n<td>Bully Pulpit (USA)<\/td>\n<td>Chicadee (FR)<\/td>\n<td>&#8211;<\/td>\n<\/tr>\n<tr>\n<td>Corio (GB)<\/td>\n<td>2021<\/td>\n<td>chestnut<\/td>\n<td>Australia (GB)<\/td>\n<td>Gee Kel (IRE)<\/td>\n<td>\u00c9crivain (FR)<\/td>\n<\/tr>\n<tr>\n<td>Country Music (GB)<\/td>\n<td>2010<\/td>\n<td>bay<\/td>\n<td>Street Cry (IRE)<\/td>\n<td>Shawanda (IRE)<\/td>\n<td>\u00c9crivain (FR)<\/td>\n<\/tr>\n<tr>\n<td>Don&#8217;t Forget Faith (USA)<\/td>\n<td>2005<\/td>\n<td>bay<\/td>\n<td>Victory Gallop (CAN)<\/td>\n<td>Contredance (USA)<\/td>\n<td>&#8211;<\/td>\n<\/tr>\n<tr>\n<td>Earth And Sky (USA)<\/td>\n<td>2016<\/td>\n<td>bay<\/td>\n<td>Noble Mission (GB)<\/td>\n<td>Youre So Sweet (USA)<\/td>\n<td>Cormoran (IRE)<\/td>\n<\/tr>\n<tr>\n<td>Ejtihaad (IRE)<\/td>\n<td>2008<\/td>\n<td>bay<\/td>\n<td>Nayef (USA)<\/td>\n<td>Al Durrah (USA)<\/td>\n<td>\u00c9crivain (FR)<\/td>\n<\/tr>\n<tr>\n<td>Esti Sz\u00e9l<\/td>\n<td>2019<\/td>\n<td>bay<\/td>\n<td>Anabaa Blue (GB)<\/td>\n<td>Ejtihaad (IRE)<\/td>\n<td>Pigeon Catcher (IRE)<\/td>\n<\/tr>\n<tr>\n<td>Fashion Icon (USA)<\/td>\n<td>2006<\/td>\n<td>chestnut<\/td>\n<td>Van Nistelrooy (USA)<\/td>\n<td>Los Altos (USA)<\/td>\n<td>\u00c9crivain (FR)<\/td>\n<\/tr>\n<tr>\n<td>Fragrant Girl (IRE)<\/td>\n<td>2022<\/td>\n<td>bay<\/td>\n<td>Decorated Knight (GB)<\/td>\n<td>Fragrant Dawn (GB)<\/td>\n<td>\u00c9crivain (FR)<\/td>\n<\/tr>\n<tr>\n<td>Glamorously (IRE)<\/td>\n<td>2021<\/td>\n<td>bay<\/td>\n<td>Mehmas (IRE)<\/td>\n<td>One For June (IRE)<\/td>\n<td>\u00c9crivain (FR)<\/td>\n<\/tr>\n<tr>\n<td>Go On Go On Go On (GB)<\/td>\n<td>2013<\/td>\n<td>bay<\/td>\n<td>Medicean (GB)<\/td>\n<td>Piranha (IRE)<\/td>\n<td>\u00c9crivain (FR)<\/td>\n<\/tr>\n<tr>\n<td>Hala Madrid (GB)<\/td>\n<td>2012<\/td>\n<td>chestnut<\/td>\n<td>Nayef (USA)<\/td>\n<td>Ermine (IRE)<\/td>\n<td>\u00c9crivain (FR)<\/td>\n<\/tr>\n<tr>\n<td>Heliconia (GB)<\/td>\n<td>2010<\/td>\n<td>bay<\/td>\n<td>Hernando (FR)<\/td>\n<td>Flor Y Nata (USA)<\/td>\n<td>Pagur XY<\/td>\n<\/tr>\n<tr>\n<td>Innocent (IRE)<\/td>\n<td>2016<\/td>\n<td>bay<\/td>\n<td>Cape Cross (IRE)<\/td>\n<td>Pirans Rock (IRE)<\/td>\n<td>Cirfandli<\/td>\n<\/tr>\n<tr>\n<td>Lone Cat (FR)<\/td>\n<td>2008<\/td>\n<td>bay<\/td>\n<td>One Cool Cat (USA)<\/td>\n<td>La Sioule (AUS)<\/td>\n<td>Pigeon Catcher (IRE)<\/td>\n<\/tr>\n<tr>\n<td>Messerschmitt<\/td>\n<td>2014<\/td>\n<td>bay<\/td>\n<td>Category Five (IRE)<\/td>\n<td>Millenium<\/td>\n<td>\u00c9crivain (FR)<\/td>\n<\/tr>\n<tr>\n<td>Miss Brooch (GER)<\/td>\n<td>2012<\/td>\n<td>chestnut<\/td>\n<td>Areion (GER)<\/td>\n<td>Multi Task (USA)<\/td>\n<td>Mokarris (USA)<\/td>\n<\/tr>\n<tr>\n<td>Morning Chimes (IRE)<\/td>\n<td>2014<\/td>\n<td>bay<\/td>\n<td>Shamardal (USA)<\/td>\n<td>Maidin Maith (IRE)<\/td>\n<td>&#8211;<\/td>\n<\/tr>\n<tr>\n<td>Morning Impact<\/td>\n<td>2021<\/td>\n<td>bay<\/td>\n<td>Study Of Man (IRE)<\/td>\n<td>Morning Chimes (IRE)<\/td>\n<td>\u00c9crivain (FR)<\/td>\n<\/tr>\n<tr>\n<td>Muffin<\/td>\n<td>2014<\/td>\n<td>chestnut<\/td>\n<td>Steady As A Rock (FR)<\/td>\n<td>Mahiki (GB)<\/td>\n<td>Pagur XY<\/td>\n<\/tr>\n<tr>\n<td>Persi (IRE)<\/td>\n<td>2012<\/td>\n<td>grey<\/td>\n<td>Dark Angel (IRE)<\/td>\n<td>Prevarication (IRE)<\/td>\n<td>\u00c9crivain (FR)<\/td>\n<\/tr>\n<tr>\n<td>Sacred Girl<\/td>\n<td>2021<\/td>\n<td>chestnut<\/td>\n<td>Ulysses (IRE)<\/td>\n<td>Sainted (GB)<\/td>\n<td>&#8211;<\/td>\n<\/tr>\n<tr>\n<td>Sainted (GB)<\/td>\n<td>2013<\/td>\n<td>chestnut<\/td>\n<td>Dutch Art (GB)<\/td>\n<td>Blithe (GB)<\/td>\n<td>&#8211;<\/td>\n<\/tr>\n<tr>\n<td>Snow Angel (IRE)<\/td>\n<td>2010<\/td>\n<td>bay<\/td>\n<td>Danehill Dancer (IRE)<\/td>\n<td>Snowy Day In La (IRE)<\/td>\n<td>Cormoran (IRE)<\/td>\n<\/tr>\n<tr>\n<td>Sougy (FR)<\/td>\n<td>2011<\/td>\n<td>chestnut<\/td>\n<td>Naaqoos (GB)<\/td>\n<td>Ourika (IRE)<\/td>\n<td>&#8211;<\/td>\n<\/tr>\n<tr>\n<td>Spice Of Life (GB)<\/td>\n<td>2016<\/td>\n<td>bay<\/td>\n<td>Sea The Stars (IRE)<\/td>\n<td>So In Love (GB)<\/td>\n<td>Cormoran (IRE)<\/td>\n<\/tr>\n<tr>\n<td>Spinworthy (USA)<\/td>\n<td>2016<\/td>\n<td>bay<\/td>\n<td>Gio Ponti (USA)<\/td>\n<td>Spinette (IRE)<\/td>\n<td>\u00c9crivain (FR)<\/td>\n<\/tr>\n<tr>\n<td>This Girl (FR)<\/td>\n<td>2014<\/td>\n<td>chestnut<\/td>\n<td>Mastercraftsman (IRE)<\/td>\n<td>Plume Rouge (GB)<\/td>\n<td>\u00c9crivain (FR)<\/td>\n<\/tr>\n<tr>\n<td>Tu You You (GER)<\/td>\n<td>2016<\/td>\n<td>chestnut<\/td>\n<td>Amico Fritz (GER)<\/td>\n<td>Tamarita (GER)<\/td>\n<td>\u00c9crivain (FR)<\/td>\n<\/tr>\n<tr>\n<td>Twilight (IRE)<\/td>\n<td>2015<\/td>\n<td>chestnut<\/td>\n<td>Arcano (IRE)<\/td>\n<td>Good Shot Noreen (IRE)<\/td>\n<td>Cormoran (IRE)<\/td>\n<\/tr>\n<tr>\n<td>Zeb Un Nisa (GB)<\/td>\n<td>2012<\/td>\n<td>bay<\/td>\n<td>Iffraaj (GB)<\/td>\n<td>Tullynally (GB)<\/td>\n<td>\u00c9crivain (FR)<\/td>\n<\/tr>\n<\/tbody>\n<\/table>\n\n\n<p><\/p>\n","protected":false},"excerpt":{"rendered":"<p>Name Year of birth Color Fatger Mother Covered in 2025 Aeronwy Thomas (IRE)\u00a0 2011 bay Dylan Thomas (IRE) Champs Elysees (GB) Pigeon Catcher (IRE) Ainippe (IRE) 2012 bay Captain Rio (GB) Imitation (GB) \u00c9crivain (FR) Alsace (GB) 2005 bay King&#8217;s Best (USA) Annex (GB) \u00c9crivain (FR) Alternanthera (GB) 2014 bay Nayef (USA) Alakananda (GB) \u00c9crivain [&hellip;]<\/p>\n","protected":false},"author":17,"featured_media":0,"parent":0,"menu_order":0,"comment_status":"closed","ping_status":"closed","template":"","meta":{"footnotes":""},"class_list":["post-14440","page","type-page","status-publish","hentry"],"_links":{"self":[{"href":"https:\/\/babolnamenes.hu\/en\/wp-json\/wp\/v2\/pages\/14440","targetHints":{"allow":["GET"]}}],"collection":[{"href":"https:\/\/babolnamenes.hu\/en\/wp-json\/wp\/v2\/pages"}],"about":[{"href":"https:\/\/babolnamenes.hu\/en\/wp-json\/wp\/v2\/types\/page"}],"author":[{"embeddable":true,"href":"https:\/\/babolnamenes.hu\/en\/wp-json\/wp\/v2\/users\/17"}],"replies":[{"embeddable":true,"href":"https:\/\/babolnamenes.hu\/en\/wp-json\/wp\/v2\/comments?post=14440"}],"version-history":[{"count":1,"href":"https:\/\/babolnamenes.hu\/en\/wp-json\/wp\/v2\/pages\/14440\/revisions"}],"predecessor-version":[{"id":14441,"href":"https:\/\/babolnamenes.hu\/en\/wp-json\/wp\/v2\/pages\/14440\/revisions\/14441"}],"wp:attachment":[{"href":"https:\/\/babolnamenes.hu\/en\/wp-json\/wp\/v2\/media?parent=14440"}],"curies":[{"name":"wp","href":"https:\/\/api.w.org\/{rel}","templated":true}]}}