{"id":239,"date":"2018-02-01T07:49:54","date_gmt":"2018-02-01T06:49:54","guid":{"rendered":"http:\/\/dev.dwnet.hu\/?page_id=239"},"modified":"2024-05-23T18:12:00","modified_gmt":"2024-05-23T16:12:00","slug":"the-stud","status":"publish","type":"page","link":"https:\/\/babolnamenes.hu\/en\/the-stud\/","title":{"rendered":"The Stud"},"content":{"rendered":"\n<p>The Hungarian is a true cavalry nation with a history that is tied thousand times to the horses, who were our loyal counterparts in the peacetime and also it the storms of the history.<\/p>\n\n\n\n<p>Hungary&#8217;s second oldest, world-class stud was founded in 1789 as the Royal B\u00e1bolna Stud because of the increasing demand for the high-quality soldier horses. So the aspiration for quality has been traditionally the foundation stone of our philosophy.<\/p>\n\n\n\n<figure class=\"wp-block-image aligncenter\"><a href=\"https:\/\/babolnamenes.hu\/wp-content\/uploads\/2018\/03\/arab_menes_menesunk.jpg\" data-rel=\"lightbox-image-0\" data-rl_title=\"B\u00e1bolnai harson\u00e1sok a H\u00f3s\u00f6k kapuja el\u0151tt\" data-rl_caption=\"\" title=\"B\u00e1bolnai harson\u00e1sok a H\u00f3s\u00f6k kapuja el\u0151tt\"><img fetchpriority=\"high\" decoding=\"async\" width=\"1200\" height=\"800\" src=\"https:\/\/babolnamenes.hu\/wp-content\/uploads\/2018\/03\/arab_menes_menesunk.jpg\" alt=\"The famous trombonists on horseback\" class=\"wp-image-968\" srcset=\"https:\/\/babolnamenes.hu\/wp-content\/uploads\/2018\/03\/arab_menes_menesunk.jpg 1200w, https:\/\/babolnamenes.hu\/wp-content\/uploads\/2018\/03\/arab_menes_menesunk-600x400.jpg 600w, https:\/\/babolnamenes.hu\/wp-content\/uploads\/2018\/03\/arab_menes_menesunk-300x200.jpg 300w, https:\/\/babolnamenes.hu\/wp-content\/uploads\/2018\/03\/arab_menes_menesunk-768x512.jpg 768w, https:\/\/babolnamenes.hu\/wp-content\/uploads\/2018\/03\/arab_menes_menesunk-1024x683.jpg 1024w\" sizes=\"(max-width: 1200px) 100vw, 1200px\" \/><\/a><\/figure>\n\n\n\n<div style=\"height:15px\" aria-hidden=\"true\" class=\"wp-block-spacer\"><\/div>\n\n\n\n<p>Our Arabian Stud in B\u00e1bolna has approximately 280 horses, most of them are Shagya-Arabians. The Shagya-Arabian is characterized by its elegant and harmonious movements, extraordinary goodwill and learning abilities with great workload and ideal dimensions. The Shagya-Arabian is a traditional riding horse, which can be used up to medium classes in every disciplines. It is not surprising that some of the horses in the international top sport has Shagya-Arabians in their pedigree.<\/p>\n\n\n\n<p>But the B\u00e1bolna National Stud does not only breed Shagya-Arabian and purebred Arabian horses. We also have 230 thoroughbred horses in our traditional Di\u00f3spuszta Stud located next to Tata.<\/p>\n\n\n\n<p>Di\u00f3spuszta was founded in 1912 by S\u00e1ndor Jaross with two goals: breeding racehorses of high quality, and adapting to the demand in the area with offering boarding and covering for private mares. The Di\u00f3spuszta Stud, which was a part of the former Esterh\u00e1zy property, was evolving soon, and the thoroughbreds from here had great international success.&nbsp;In 1962 the thoroughbred studs got under the authority of the B\u00e1bolna State Farm.<\/p>\n\n\n\n<p>Di\u00f3spuszta is the last national stud of the Hungarian thoroughbred breeding, where we primarily breed horses with excellent genetic background for the races in Budapest. The success of our breeding in the recent years was proven by Megkap\u00f3, who was second in the Derby, won the Oaks, and became the most successful Hungarian bred horse in 2015. And in 2016 My Luck won the National Prize (2000 Guineas), the Grand Prix for Hungarian Bred Horses and the Hungarian St. Leger, and became the Horse of the Year. In 2018 Esti F\u00e9ny won the Hungarian Derby, after 24 years of break we could greet a winner again from Di\u00f3spuszta. And he also won the Kincsem Prize and the Hungarian St. Leger, and won the title of the Horse of the Year.<\/p>\n\n\n\n<figure class=\"wp-block-image aligncenter size-full\"><a href=\"https:\/\/babolnamenes.hu\/wp-content\/uploads\/2018\/02\/diospuszta_csiko15.jpg\" data-rel=\"lightbox-image-1\" data-rl_title=\"Kanca csik\u00f3j\u00e1val a di\u00f3spusztai legel\u0151n\" data-rl_caption=\"\" title=\"Kanca csik\u00f3j\u00e1val a di\u00f3spusztai legel\u0151n\"><img decoding=\"async\" width=\"2000\" height=\"1333\" src=\"https:\/\/babolnamenes.hu\/wp-content\/uploads\/2018\/02\/diospuszta_csiko15.jpg\" alt=\"A mare with her foal in the pasture of Di\u00f3spuszta\" class=\"wp-image-640\" srcset=\"https:\/\/babolnamenes.hu\/wp-content\/uploads\/2018\/02\/diospuszta_csiko15.jpg 2000w, https:\/\/babolnamenes.hu\/wp-content\/uploads\/2018\/02\/diospuszta_csiko15-600x400.jpg 600w, https:\/\/babolnamenes.hu\/wp-content\/uploads\/2018\/02\/diospuszta_csiko15-300x200.jpg 300w, https:\/\/babolnamenes.hu\/wp-content\/uploads\/2018\/02\/diospuszta_csiko15-768x512.jpg 768w, https:\/\/babolnamenes.hu\/wp-content\/uploads\/2018\/02\/diospuszta_csiko15-1024x682.jpg 1024w, https:\/\/babolnamenes.hu\/wp-content\/uploads\/2018\/02\/diospuszta_csiko15-180x120.jpg 180w\" sizes=\"(max-width: 2000px) 100vw, 2000px\" \/><\/a><\/figure>\n","protected":false},"excerpt":{"rendered":"<p>The Hungarian is a true cavalry nation with a history that is tied thousand times to the horses, who were our loyal counterparts in the peacetime and also it the storms of the history. Hungary&#8217;s second oldest, world-class stud was founded in 1789 as the Royal B\u00e1bolna Stud because of the increasing demand for the [&hellip;]<\/p>\n","protected":false},"author":2,"featured_media":0,"parent":0,"menu_order":0,"comment_status":"closed","ping_status":"open","template":"","meta":{"footnotes":""},"class_list":["post-239","page","type-page","status-publish","hentry"],"_links":{"self":[{"href":"https:\/\/babolnamenes.hu\/en\/wp-json\/wp\/v2\/pages\/239","targetHints":{"allow":["GET"]}}],"collection":[{"href":"https:\/\/babolnamenes.hu\/en\/wp-json\/wp\/v2\/pages"}],"about":[{"href":"https:\/\/babolnamenes.hu\/en\/wp-json\/wp\/v2\/types\/page"}],"author":[{"embeddable":true,"href":"https:\/\/babolnamenes.hu\/en\/wp-json\/wp\/v2\/users\/2"}],"replies":[{"embeddable":true,"href":"https:\/\/babolnamenes.hu\/en\/wp-json\/wp\/v2\/comments?post=239"}],"version-history":[{"count":3,"href":"https:\/\/babolnamenes.hu\/en\/wp-json\/wp\/v2\/pages\/239\/revisions"}],"predecessor-version":[{"id":11968,"href":"https:\/\/babolnamenes.hu\/en\/wp-json\/wp\/v2\/pages\/239\/revisions\/11968"}],"wp:attachment":[{"href":"https:\/\/babolnamenes.hu\/en\/wp-json\/wp\/v2\/media?parent=239"}],"curies":[{"name":"wp","href":"https:\/\/api.w.org\/{rel}","templated":true}]}}