{"id":258,"date":"2017-12-04T11:28:54","date_gmt":"2017-12-04T10:28:54","guid":{"rendered":"http:\/\/dev.dwnet.hu\/?page_id=258"},"modified":"2024-05-23T18:14:59","modified_gmt":"2024-05-23T16:14:59","slug":"history-of-the-arabian-stud","status":"publish","type":"page","link":"https:\/\/babolnamenes.hu\/en\/the-stud\/history-of-the-arabian-stud\/","title":{"rendered":"History of the Arabian Stud"},"content":{"rendered":"\n<p>&#8220;There may only be a few exceptional studs in the world which have beed devoted to breeding and developing the Arabian horse for almost two centuries with loyalty, expertise and noble traditions&#8221;, writes Dr. L\u00e1szl\u00f3 Pap\u00f3csi, B\u00e1bolna&#8217;s former director in the preamble of the book of Dr. Hecker Walter: &#8220;The History of the B\u00e1bolna Arabian Stud&#8221;, and continues:<\/p>\n\n\n\n<p>&#8220;The B\u00e1bolna Arabian Stud is such a special historic place in the world&#8217;s culture of mankind and horse breeding. Since 1816 only Arabian stallions are standing at the Royal B\u00e1bolna Stud, founded in 1789. The birth of the B\u00e1bolna Arabian breed is therefore only twenty-three years younger than the foundation of the English thoroughbred (General Stud Book 1793). 1836 was an epoch-making year in the history, when the stallion Shagya senior started to cover in B\u00e1bolna.<\/p>\n\n\n\n<figure class=\"wp-block-image aligncenter\"><a href=\"https:\/\/babolnamenes.hu\/wp-content\/uploads\/2018\/03\/arab_menes-1.jpg\" data-rel=\"lightbox-image-0\" data-rl_title=\"A M\u00e9nesudvar - A legh\u0171s\u00e9gesebb bajt\u00e1rs szobra \u00e9s a lovas zenekar dobosa\" data-rl_caption=\"\" title=\"A M\u00e9nesudvar - A legh\u0171s\u00e9gesebb bajt\u00e1rs szobra \u00e9s a lovas zenekar dobosa\"><img fetchpriority=\"high\" decoding=\"async\" width=\"1200\" height=\"800\" src=\"https:\/\/babolnamenes.hu\/wp-content\/uploads\/2018\/03\/arab_menes-1.jpg\" alt=\"The Stud Yard - Statue of the &quot;most loyal comrade&quot; and the drummer of the riding band\" class=\"wp-image-1341\" srcset=\"https:\/\/babolnamenes.hu\/wp-content\/uploads\/2018\/03\/arab_menes-1.jpg 1200w, https:\/\/babolnamenes.hu\/wp-content\/uploads\/2018\/03\/arab_menes-1-600x400.jpg 600w, https:\/\/babolnamenes.hu\/wp-content\/uploads\/2018\/03\/arab_menes-1-300x200.jpg 300w, https:\/\/babolnamenes.hu\/wp-content\/uploads\/2018\/03\/arab_menes-1-768x512.jpg 768w, https:\/\/babolnamenes.hu\/wp-content\/uploads\/2018\/03\/arab_menes-1-1024x683.jpg 1024w\" sizes=\"(max-width: 1200px) 100vw, 1200px\" \/><\/a><\/figure>\n\n\n\n<div style=\"height:15px\" aria-hidden=\"true\" class=\"wp-block-spacer\"><\/div>\n\n\n\n<p>This enormous \u00abfamily tree\u00bb and breeding value, which originated from B\u00e1bolna found a fertile ground also in the studs of Piber, Radautz, Topo\u013e\u010dianky and Mez\u0151hegyes, was preserved with loyalty in B\u00e1bolna for more than one and a half centuries, and in fact, was enriched with new lines (Gazal, O\u2019Bajan, Kemir, Mersuch, Siglavy Bagdady, etc).<\/p>\n\n\n\n<p>The social and economic conditions did not favour the horse breeding in Hungary after the second world war; many of the valuable Arabian horses from B\u00e1bolna were taken to breeders in Western Europe. While the B\u00e1bolna Stud tried to look for a new direction in the breeding of the purebred Arabian from the late 1960s, the B\u00e1bolna Arabian breed&nbsp;\u2013 which was named as the Shagya-Arabian breed&nbsp;\u2013 conquered the lovers of the Arabian horses in Europe and around the world.<\/p>\n\n\n\n<p>The B\u00e1bolna Arabian Stud started to bloom again over the past two decades. Tested by the massive storms of history, the B\u00e1bolna Arabian, the SHAGYA-ARABIAN BREED gains a new reputation for its breeders victoriously and strengthened, honouring centuries of loyalty and friendship between man and horse.&#8221;<\/p>\n\n\n\n<figure class=\"wp-block-image aligncenter\"><a href=\"https:\/\/babolnamenes.hu\/wp-content\/uploads\/2018\/03\/arab_menes_otosfogat.jpg\" data-rel=\"lightbox-image-1\" data-rl_title=\"A h\u00edres \u00f6t\u00f6sfogat\" data-rl_caption=\"\" title=\"A h\u00edres \u00f6t\u00f6sfogat\"><img decoding=\"async\" width=\"1200\" height=\"800\" src=\"https:\/\/babolnamenes.hu\/wp-content\/uploads\/2018\/03\/arab_menes_otosfogat.jpg\" alt=\"The famous five-in-hand\" class=\"wp-image-969\" srcset=\"https:\/\/babolnamenes.hu\/wp-content\/uploads\/2018\/03\/arab_menes_otosfogat.jpg 1200w, https:\/\/babolnamenes.hu\/wp-content\/uploads\/2018\/03\/arab_menes_otosfogat-600x400.jpg 600w, https:\/\/babolnamenes.hu\/wp-content\/uploads\/2018\/03\/arab_menes_otosfogat-300x200.jpg 300w, https:\/\/babolnamenes.hu\/wp-content\/uploads\/2018\/03\/arab_menes_otosfogat-768x512.jpg 768w, https:\/\/babolnamenes.hu\/wp-content\/uploads\/2018\/03\/arab_menes_otosfogat-1024x683.jpg 1024w\" sizes=\"(max-width: 1200px) 100vw, 1200px\" \/><\/a><\/figure>\n\n\n\n<div style=\"height:15px\" aria-hidden=\"true\" class=\"wp-block-spacer\"><\/div>\n\n\n\n<p>&#8220;We are confident that those who have become acquainted with and loved the Arabian horse of B\u00e1bolna, the Shagya-Arabian, will be able to further strengthen their relationship with new knowledge. Of course, we can not conceal the fact that we hope to make new friends, \u00abadorers\u00bb to our beloved companions.<\/p>\n\n\n\n<p>&#8230; And if you feel an irresistible desire to personally experience as we described, or if you want to take part in the new chapters of the history of the B\u00e1bolna Arabian horse, you are always welcome with great respect at the B\u00e1bolna Stud.&#8221; \u2013 as they wrote in 2014, which is still right today.<\/p>\n\n\n\n<p>The gate of the Stud is wide open to everyone who wants to get to know a true Hungaricum and the twisty history of B\u00e1bolna, who loves the proximity of the noble horses, or wants to get acquainted with the purebred Arabian and the B\u00e1bolna Arabian, which is known to the world as the Shagya-Arabian since 1978, and who loves the atmosphere of the historic building complex and wants to witness how we try to preserve this living heritage for the future generations.<\/p>\n","protected":false},"excerpt":{"rendered":"<p>&#8220;There may only be a few exceptional studs in the world which have beed devoted to breeding and developing the Arabian horse for almost two centuries with loyalty, expertise and noble traditions&#8221;, writes Dr. L\u00e1szl\u00f3 Pap\u00f3csi, B\u00e1bolna&#8217;s former director in the preamble of the book of Dr. Hecker Walter: &#8220;The History of the B\u00e1bolna Arabian [&hellip;]<\/p>\n","protected":false},"author":2,"featured_media":0,"parent":239,"menu_order":0,"comment_status":"closed","ping_status":"closed","template":"","meta":{"footnotes":""},"class_list":["post-258","page","type-page","status-publish","hentry"],"_links":{"self":[{"href":"https:\/\/babolnamenes.hu\/en\/wp-json\/wp\/v2\/pages\/258","targetHints":{"allow":["GET"]}}],"collection":[{"href":"https:\/\/babolnamenes.hu\/en\/wp-json\/wp\/v2\/pages"}],"about":[{"href":"https:\/\/babolnamenes.hu\/en\/wp-json\/wp\/v2\/types\/page"}],"author":[{"embeddable":true,"href":"https:\/\/babolnamenes.hu\/en\/wp-json\/wp\/v2\/users\/2"}],"replies":[{"embeddable":true,"href":"https:\/\/babolnamenes.hu\/en\/wp-json\/wp\/v2\/comments?post=258"}],"version-history":[{"count":1,"href":"https:\/\/babolnamenes.hu\/en\/wp-json\/wp\/v2\/pages\/258\/revisions"}],"predecessor-version":[{"id":11976,"href":"https:\/\/babolnamenes.hu\/en\/wp-json\/wp\/v2\/pages\/258\/revisions\/11976"}],"up":[{"embeddable":true,"href":"https:\/\/babolnamenes.hu\/en\/wp-json\/wp\/v2\/pages\/239"}],"wp:attachment":[{"href":"https:\/\/babolnamenes.hu\/en\/wp-json\/wp\/v2\/media?parent=258"}],"curies":[{"name":"wp","href":"https:\/\/api.w.org\/{rel}","templated":true}]}}