{"id":259,"date":"2017-12-04T11:29:31","date_gmt":"2017-12-04T10:29:31","guid":{"rendered":"http:\/\/dev.dwnet.hu\/?page_id=259"},"modified":"2025-02-25T11:43:22","modified_gmt":"2025-02-25T10:43:22","slug":"boarding","status":"publish","type":"page","link":"https:\/\/babolnamenes.hu\/en\/the-stud\/boarding\/","title":{"rendered":"Boarding"},"content":{"rendered":"\n<h2 class=\"wp-block-heading has-large-font-size\">Di\u00f3spuszta<\/h2>\n\n\n\n<p>Our Di\u00f3spuszta Thoroughbred Stud, next to Tata, offers long-term boarding for broodmares and foals.<\/p>\n\n\n\n<figure class=\"wp-block-image aligncenter size-large\"><a href=\"https:\/\/babolnamenes.hu\/wp-content\/uploads\/2018\/02\/diospuszta_menes03.jpg\" data-rel=\"lightbox-image-0\" data-rl_title=\"Tata mellett, Di\u00f3spuszt\u00e1n tal\u00e1lhat\u00f3 angol teliv\u00e9r m\u00e9nes\u00fcnkben teny\u00e9szkanc\u00e1k \u00e9s csik\u00f3k hossz\u00fa t\u00e1v\u00fa b\u00e9rtart\u00e1s\u00e1ra van lehet\u0151s\u00e9g.\" data-rl_caption=\"\" title=\"Tata mellett, Di\u00f3spuszt\u00e1n tal\u00e1lhat\u00f3 angol teliv\u00e9r m\u00e9nes\u00fcnkben teny\u00e9szkanc\u00e1k \u00e9s csik\u00f3k hossz\u00fa t\u00e1v\u00fa b\u00e9rtart\u00e1s\u00e1ra van lehet\u0151s\u00e9g.\"><img fetchpriority=\"high\" decoding=\"async\" width=\"1024\" height=\"693\" src=\"https:\/\/babolnamenes.hu\/wp-content\/uploads\/2018\/02\/diospuszta_menes03-1024x693.jpg\" alt=\"Our Di\u00f3spuszta Thoroughbred Stud, next to Tata, offers long-term boarding for broodmares and foals.\" class=\"wp-image-644\" srcset=\"https:\/\/babolnamenes.hu\/wp-content\/uploads\/2018\/02\/diospuszta_menes03-1024x693.jpg 1024w, https:\/\/babolnamenes.hu\/wp-content\/uploads\/2018\/02\/diospuszta_menes03-600x406.jpg 600w, https:\/\/babolnamenes.hu\/wp-content\/uploads\/2018\/02\/diospuszta_menes03-300x203.jpg 300w, https:\/\/babolnamenes.hu\/wp-content\/uploads\/2018\/02\/diospuszta_menes03-768x520.jpg 768w, https:\/\/babolnamenes.hu\/wp-content\/uploads\/2018\/02\/diospuszta_menes03.jpg 2000w\" sizes=\"(max-width: 1024px) 100vw, 1024px\" \/><\/a><\/figure>\n\n\n\n<div style=\"height:15px\" aria-hidden=\"true\" class=\"wp-block-spacer\"><\/div>\n\n\n\n<h3 class=\"wp-block-heading\" style=\"font-size:20px\">Broodmares:<\/h3>\n\n\n\n<ul class=\"wp-block-list\">\n<li>64 stalls with automatic waterer<\/li>\n\n\n\n<li>feeding twice grains, plenty of forage<\/li>\n\n\n\n<li>turnout to pastures during the day<\/li>\n\n\n\n<li>professional foaling from January to May<\/li>\n\n\n\n<li>breeding season from February to June<\/li>\n\n\n\n<li>24 h supervision<\/li>\n<\/ul>\n\n\n\n<p>Boarding price: 280 EUR + VAT \/ month \/ horse<\/p>\n\n\n\n<h3 class=\"wp-block-heading\" style=\"font-size:20px\">Youngsters:<\/h3>\n\n\n\n<ul class=\"wp-block-list\">\n<li>boarding in open stables for foals born between January-May, until the 30th of September the year following birth<\/li>\n\n\n\n<li>feeding twice grains (three times in winter), plenty of forage<\/li>\n\n\n\n<li>turnout to pastures during the day, in summer also at night<\/li>\n\n\n\n<li>24 h supervision<\/li>\n<\/ul>\n\n\n\n<p>Boarding price: 280 EUR + VAT \/ month \/ horse<\/p>\n\n\n\n<h3 class=\"wp-block-heading\" style=\"font-size:20px\">Broodmares in breeding season:<\/h3>\n\n\n\n<ul class=\"wp-block-list\">\n<li>36 stalls with automatic waterer<\/li>\n\n\n\n<li>feeding twice grains, plenty of forage<\/li>\n\n\n\n<li>turnout alone or in small groups to paddocks<\/li>\n\n\n\n<li>breeding season from February to June<\/li>\n\n\n\n<li>24 h supervision<\/li>\n<\/ul>\n\n\n\n<p>Boarding price: 15 EUR \/ day \/ horse<\/p>\n\n\n\n<p>All boarding costs are due before the horse leaves the stud.<\/p>\n\n\n\n<p>Information: diospuszta@babolnamenes.hu<\/p>\n\n\n\n<div style=\"height:15px\" aria-hidden=\"true\" class=\"wp-block-spacer\"><\/div>\n\n\n\n<h2 class=\"wp-block-heading has-large-font-size\">B\u00e1bolna<\/h2>\n\n\n\n<p>Our Main Stud in B\u00e1bolna offers boarding for broodmares for insemination.<\/p>\n\n\n\n<h3 class=\"wp-block-heading\" style=\"font-size:20px\">Broodmares in breeding season:<\/h3>\n\n\n\n<ul class=\"wp-block-list\">\n<li>boxes with automatic waterer<\/li>\n\n\n\n<li>feeding twice grains, plenty of forage<\/li>\n\n\n\n<li>turnout alone or in small groups to paddocks<\/li>\n\n\n\n<li>artificial insemination with the stallions of the Stud<\/li>\n\n\n\n<li>24 h supervision<\/li>\n<\/ul>\n\n\n\n<p>Boarding price: 15 EUR \/ day \/ horse or 280 EUR + VAT \/ month \/horse<\/p>\n\n\n\n<p>Information:&nbsp;menesiroda@babolnamenes.hu<\/p>\n\n\n\n<div style=\"height:15px\" aria-hidden=\"true\" class=\"wp-block-spacer\"><\/div>\n\n\n\n<h2 class=\"wp-block-heading has-large-font-size\">Only horses with the followings can enter the stud<\/h2>\n\n\n\n<p>\u2013 passport with all vaccinations and bloodtest results<br>\u2013 EHV-1, EHV-4 vaccination: <strong>basic vaccination<\/strong> (1st vaccine, then in 21-92 days 2nd vaccine), then <strong>every 6 months<\/strong><br>\u2013 Equine flu: <strong>basic vaccination<\/strong> (1st vaccine, then in 21-92 days 2nd vaccine), then <strong>every year<\/strong><br>\u2013 Tetanus vaccination in the last year<br>\u2013 <strong>negativ bloodtest<\/strong> in the last year for EIAV and Malleus<br>\u2013 regularly dewormed<\/p>\n\n\n\n<p>The owner has to pay the costs of the necessary vaccines and medicines and the blacksmith.<\/p>\n\n\n\n<p>VAT is 27% without EU tax number.<\/p>\n","protected":false},"excerpt":{"rendered":"<p>Di\u00f3spuszta Our Di\u00f3spuszta Thoroughbred Stud, next to Tata, offers long-term boarding for broodmares and foals. Broodmares: Boarding price: 280 EUR + VAT \/ month \/ horse Youngsters: Boarding price: 280 EUR + VAT \/ month \/ horse Broodmares in breeding season: Boarding price: 15 EUR \/ day \/ horse All boarding costs are due before [&hellip;]<\/p>\n","protected":false},"author":2,"featured_media":0,"parent":239,"menu_order":0,"comment_status":"closed","ping_status":"closed","template":"","meta":{"footnotes":""},"class_list":["post-259","page","type-page","status-publish","hentry"],"_links":{"self":[{"href":"https:\/\/babolnamenes.hu\/en\/wp-json\/wp\/v2\/pages\/259","targetHints":{"allow":["GET"]}}],"collection":[{"href":"https:\/\/babolnamenes.hu\/en\/wp-json\/wp\/v2\/pages"}],"about":[{"href":"https:\/\/babolnamenes.hu\/en\/wp-json\/wp\/v2\/types\/page"}],"author":[{"embeddable":true,"href":"https:\/\/babolnamenes.hu\/en\/wp-json\/wp\/v2\/users\/2"}],"replies":[{"embeddable":true,"href":"https:\/\/babolnamenes.hu\/en\/wp-json\/wp\/v2\/comments?post=259"}],"version-history":[{"count":9,"href":"https:\/\/babolnamenes.hu\/en\/wp-json\/wp\/v2\/pages\/259\/revisions"}],"predecessor-version":[{"id":13081,"href":"https:\/\/babolnamenes.hu\/en\/wp-json\/wp\/v2\/pages\/259\/revisions\/13081"}],"up":[{"embeddable":true,"href":"https:\/\/babolnamenes.hu\/en\/wp-json\/wp\/v2\/pages\/239"}],"wp:attachment":[{"href":"https:\/\/babolnamenes.hu\/en\/wp-json\/wp\/v2\/media?parent=259"}],"curies":[{"name":"wp","href":"https:\/\/api.w.org\/{rel}","templated":true}]}}