{"id":263,"date":"2017-12-04T12:57:00","date_gmt":"2017-12-04T11:57:00","guid":{"rendered":"http:\/\/dev.dwnet.hu\/?page_id=263"},"modified":"2024-05-21T17:47:28","modified_gmt":"2024-05-21T15:47:28","slug":"event-organization","status":"publish","type":"page","link":"https:\/\/babolnamenes.hu\/en\/event-organization\/","title":{"rendered":"Event organization"},"content":{"rendered":"\n<p>Our conference and event rooms are suitable for corporate events, trainings, exhibitions, family days and other events from 10 to 212 people. We can provide abundant catering in our \u00d6t\u00f6sfogat Restaurant, and our Imperi\u00e1l Hotel can give accommodation for up to 41 people.<\/p>\n\n\n\n<p>Beside our well-equipped rooms we also offer outdoor activities. Our Arboretum provides entertainment and relaxation opportunities for outdoor enthusiasts with varied team building programs, adventure programs, special trainings and team building games.<\/p>\n\n\n\n<p>The historic atmosphere of the Stud guarantees to capture the visitors from the everyday life, and provide an unforgettable team experience that will give new impulsion for the future challenges.<\/p>\n\n\n\n<p>We provide closed, free parking lot and technical equipment for our guests, whether it is a flip-chart, a sound system or a projector. Our experienced colleagues are there to help the organizers for the smooth management of the event.<\/p>\n\n\n\n<p>Technical equipment:<\/p>\n\n\n\n<ul class=\"wp-block-list\">\n<li>flip-chart<\/li>\n\n\n\n<li>projector<\/li>\n\n\n\n<li>internet connection<\/li>\n\n\n\n<li>laptop<\/li>\n\n\n\n<li>audio system<\/li>\n\n\n\n<li>wireless microphones<\/li>\n\n\n\n<li>mobile projector screen<\/li>\n\n\n\n<li>copier<\/li>\n<\/ul>\n\n\n\n<p>We can also provide other tools based on prior consultation.<\/p>\n\n\n\n<h4 class=\"wp-block-heading\">Chamber Hall<\/h4>\n\n\n\n<p>The former 5th stable of the building was converted to a chamber hall in the 1980s, with an auditorium for 177 people, which can be expanded with extra seats.<\/p>\n\n\n\n<p>The hall can be reached by car from the J\u00f3kai M\u00f3r street and from the Studyard. It is a special and excellent location for presentations, reports and conferences.<\/p>\n\n\n\n<figure class=\"wp-block-image aligncenter\"><a href=\"https:\/\/babolnamenes.hu\/wp-content\/uploads\/2018\/03\/rendezveny_kamara.jpg\" data-rel=\"lightbox-image-0\" data-rl_title=\"Kamaraterem\" data-rl_caption=\"\" title=\"Kamaraterem\"><img fetchpriority=\"high\" decoding=\"async\" width=\"1200\" height=\"798\" src=\"https:\/\/babolnamenes.hu\/wp-content\/uploads\/2018\/03\/rendezveny_kamara.jpg\" alt=\"Chamber hall\" class=\"wp-image-991\" srcset=\"https:\/\/babolnamenes.hu\/wp-content\/uploads\/2018\/03\/rendezveny_kamara.jpg 1200w, https:\/\/babolnamenes.hu\/wp-content\/uploads\/2018\/03\/rendezveny_kamara-600x399.jpg 600w, https:\/\/babolnamenes.hu\/wp-content\/uploads\/2018\/03\/rendezveny_kamara-300x200.jpg 300w, https:\/\/babolnamenes.hu\/wp-content\/uploads\/2018\/03\/rendezveny_kamara-768x511.jpg 768w, https:\/\/babolnamenes.hu\/wp-content\/uploads\/2018\/03\/rendezveny_kamara-1024x681.jpg 1024w\" sizes=\"(max-width: 1200px) 100vw, 1200px\" \/><\/a><\/figure>\n\n\n\n<p><\/p>\n\n\n\n<figure class=\"wp-block-table\"><table><thead><tr><th><\/th><th><\/th><\/tr><\/thead><tbody><tr><td>Floor area<\/td><td>180 sqm<\/td><\/tr><tr><td>Height<\/td><td>5 m<\/td><\/tr><tr><td>Length<\/td><td>18 m<\/td><\/tr><tr><td>Width<\/td><td>10 m<\/td><\/tr><tr><td>Natural light<\/td><td>no<\/td><\/tr><tr><td>Air conditioning<\/td><td>yes<\/td><\/tr><tr><td>Darkening<\/td><td>yes<\/td><\/tr><tr><td>Theater-style<\/td><td>177 people<\/td><\/tr><tr><td>U-seating<\/td><td>no<\/td><\/tr><tr><td>Tables<\/td><td>no<\/td><\/tr><tr><td>Receptions<\/td><td>no<\/td><\/tr><tr><td>Rent<\/td><td>According to quotation.<\/td><\/tr><\/tbody><\/table><\/figure>\n\n\n\n<h4 class=\"wp-block-heading\">Reception area of the Chamber Hall<\/h4>\n\n\n\n<p>The marble feeders alongside the wall remind us that the reception area also used to be a stable in the beginning of the 20th century.<\/p>\n\n\n\n<p>It is an ideal place to have registration before conferences and events, or in the breaks for a buffet or a reception. There is a cloakroom in the reception area for the comfort of the guests.<\/p>\n\n\n\n<figure class=\"wp-block-image aligncenter\"><a href=\"https:\/\/babolnamenes.hu\/wp-content\/uploads\/2018\/03\/rendezveny_kamara02.jpg\" data-rel=\"lightbox-image-1\" data-rl_title=\"\" data-rl_caption=\"\" title=\"\"><img decoding=\"async\" width=\"1200\" height=\"611\" src=\"https:\/\/babolnamenes.hu\/wp-content\/uploads\/2018\/03\/rendezveny_kamara02.jpg\" alt=\"Reception area of the Chamber Hall\" class=\"wp-image-992\" srcset=\"https:\/\/babolnamenes.hu\/wp-content\/uploads\/2018\/03\/rendezveny_kamara02.jpg 1200w, https:\/\/babolnamenes.hu\/wp-content\/uploads\/2018\/03\/rendezveny_kamara02-600x306.jpg 600w, https:\/\/babolnamenes.hu\/wp-content\/uploads\/2018\/03\/rendezveny_kamara02-300x153.jpg 300w, https:\/\/babolnamenes.hu\/wp-content\/uploads\/2018\/03\/rendezveny_kamara02-768x391.jpg 768w, https:\/\/babolnamenes.hu\/wp-content\/uploads\/2018\/03\/rendezveny_kamara02-1024x521.jpg 1024w\" sizes=\"(max-width: 1200px) 100vw, 1200px\" \/><\/a><\/figure>\n\n\n\n<figure class=\"wp-block-table\"><table><thead><tr><th><\/th><th><\/th><\/tr><\/thead><tbody><tr><td>Floor area<\/td><td>82 sqm<\/td><\/tr><tr><td>Height<\/td><td>2.5 m<\/td><\/tr><tr><td>Length<\/td><td>13.2 m<\/td><\/tr><tr><td>Width<\/td><td>6.2 m<\/td><\/tr><tr><td>Natural light<\/td><td>yes<\/td><\/tr><tr><td>Air conditioning<\/td><td>no<\/td><\/tr><tr><td>Darkening<\/td><td>no<\/td><\/tr><tr><td>Theater-style<\/td><td>no<\/td><\/tr><tr><td>U-seating<\/td><td>no<\/td><\/tr><tr><td>Tables<\/td><td>no<\/td><\/tr><tr><td>Receptions<\/td><td>200 people<\/td><\/tr><tr><td>Rent<\/td><td>According to quotation.<\/td><\/tr><\/tbody><\/table><\/figure>\n\n\n\n<h4 class=\"wp-block-heading\">Hall No. 4<\/h4>\n\n\n\n<p>The conference room in the former Officers&#8217; Casino building is modern, the seating is mobile, customizable.<\/p>\n\n\n\n<p>It is located directly next to the restaurant.<\/p>\n\n\n\n<figure class=\"wp-block-image aligncenter\"><a href=\"https:\/\/babolnamenes.hu\/wp-content\/uploads\/2018\/03\/rendezveny_4_terem.jpg\" data-rel=\"lightbox-image-2\" data-rl_title=\"\" data-rl_caption=\"\" title=\"\"><img decoding=\"async\" width=\"1200\" height=\"800\" src=\"https:\/\/babolnamenes.hu\/wp-content\/uploads\/2018\/03\/rendezveny_4_terem.jpg\" alt=\"Hall No. 4\" class=\"wp-image-987\" srcset=\"https:\/\/babolnamenes.hu\/wp-content\/uploads\/2018\/03\/rendezveny_4_terem.jpg 1200w, https:\/\/babolnamenes.hu\/wp-content\/uploads\/2018\/03\/rendezveny_4_terem-600x400.jpg 600w, https:\/\/babolnamenes.hu\/wp-content\/uploads\/2018\/03\/rendezveny_4_terem-300x200.jpg 300w, https:\/\/babolnamenes.hu\/wp-content\/uploads\/2018\/03\/rendezveny_4_terem-768x512.jpg 768w, https:\/\/babolnamenes.hu\/wp-content\/uploads\/2018\/03\/rendezveny_4_terem-1024x683.jpg 1024w\" sizes=\"(max-width: 1200px) 100vw, 1200px\" \/><\/a><\/figure>\n\n\n\n<figure class=\"wp-block-table\"><table><thead><tr><th><\/th><th><\/th><\/tr><\/thead><tbody><tr><td>Floor area<\/td><td>138 sqm<\/td><\/tr><tr><td>Height<\/td><td>4 m<\/td><\/tr><tr><td>Length<\/td><td>22 m<\/td><\/tr><tr><td>Width<\/td><td>6 m<\/td><\/tr><tr><td>Natural light<\/td><td>yes<\/td><\/tr><tr><td>Air conditioning<\/td><td>yes<\/td><\/tr><tr><td>Darkening<\/td><td>yes<\/td><\/tr><tr><td>Theater-style<\/td><td>100 people<\/td><\/tr><tr><td>U-seating<\/td><td>54 people<\/td><\/tr><tr><td>Tables<\/td><td>54 people<\/td><\/tr><tr><td>Receptions<\/td><td>100 people<\/td><\/tr><tr><td>Rent<\/td><td>According to quotation.<\/td><\/tr><\/tbody><\/table><\/figure>\n\n\n\n<h4 class=\"wp-block-heading\">Riding Hall<\/h4>\n\n\n\n<p>One of the impressive sights of the Studyard is the Riding Hall, which was a rebuilt in the 1810s. The large walls, the windows decorated with the former stud stamp, the artwork of the roof structure, the unique composition of the wrought iron chandeliers and wall-lamps provide an exclusive venue for the events.<\/p>\n\n\n\n<figure class=\"wp-block-image aligncenter\"><a href=\"https:\/\/babolnamenes.hu\/wp-content\/uploads\/2018\/03\/nevezetessegeink03.jpg\" data-rel=\"lightbox-image-3\" data-rl_title=\"\" data-rl_caption=\"\" title=\"\"><img loading=\"lazy\" decoding=\"async\" width=\"1200\" height=\"800\" src=\"https:\/\/babolnamenes.hu\/wp-content\/uploads\/2018\/03\/nevezetessegeink03.jpg\" alt=\"Riding Hall\" class=\"wp-image-954\" srcset=\"https:\/\/babolnamenes.hu\/wp-content\/uploads\/2018\/03\/nevezetessegeink03.jpg 1200w, https:\/\/babolnamenes.hu\/wp-content\/uploads\/2018\/03\/nevezetessegeink03-600x400.jpg 600w, https:\/\/babolnamenes.hu\/wp-content\/uploads\/2018\/03\/nevezetessegeink03-300x200.jpg 300w, https:\/\/babolnamenes.hu\/wp-content\/uploads\/2018\/03\/nevezetessegeink03-768x512.jpg 768w, https:\/\/babolnamenes.hu\/wp-content\/uploads\/2018\/03\/nevezetessegeink03-1024x683.jpg 1024w\" sizes=\"(max-width: 1200px) 100vw, 1200px\" \/><\/a><\/figure>\n\n\n\n<figure class=\"wp-block-table\"><table><thead><tr><th><\/th><th><\/th><\/tr><\/thead><tbody><tr><td>Floor area<\/td><td>576 sqm<\/td><\/tr><tr><td>Height<\/td><td>8.85 m<\/td><\/tr><tr><td>Length<\/td><td>44 m<\/td><\/tr><tr><td>Width<\/td><td>15 m<\/td><\/tr><tr><td>Natural light<\/td><td>yes<\/td><\/tr><tr><td>Air conditioning<\/td><td>no<\/td><\/tr><tr><td>Darkening<\/td><td>no<\/td><\/tr><tr><td>Theater-style<\/td><td>750 people<\/td><\/tr><tr><td>U-seating<\/td><td>450 people<\/td><\/tr><tr><td>Tables<\/td><td>450 people<\/td><\/tr><tr><td>Receptions<\/td><td>700 people<\/td><\/tr><tr><td>Rent<\/td><td>According to quotation.<\/td><\/tr><\/tbody><\/table><\/figure>\n\n\n\n<h4 class=\"wp-block-heading\">Wedding organization<\/h4>\n\n\n\n<p>What would be a bigger event in someone&#8217;s life, than to find the love of their life and to bond their life together with a memorable wedding? A marvelous wedding with an elegant location gives the opportunity to enjoy an unforgettable ceremony with their loved ones.<\/p>\n\n\n\n<p>Who would not want a snow-white wedding carriage with burgundy velvet, pulled by&nbsp;five beautiful Arabian horses from the oldest acacia tree in the country, among colourful flowerbeds, wrapped in the scent of lime blossom, to go to say the &#8220;I do&#8221;, while bridesmaids dressed in silk dresses wave to them?<\/p>\n\n\n\n<p>The dream can become reality. The bridal couple can go by carriage directly from the Catholic or Calvinist church, belonging to the historical building complex, to the \u00d6t\u00f6sfogat Restaurant, where up to 170 people can dance with the bride.<\/p>\n\n\n\n<p>The guests who are tired can relax in the Imperi\u00e1l Hotel in the Studyard.<\/p>\n\n\n\n<figure class=\"wp-block-gallery has-nested-images columns-5 is-cropped wp-block-gallery-1 is-layout-flex wp-block-gallery-is-layout-flex\">\n\n\n\n\n\n\n\n<\/figure>\n\n\n\n<p>For quotations please contact us: turizmus@babolnamenes.hu.<\/p>\n","protected":false},"excerpt":{"rendered":"<p>Our conference and event rooms are suitable for corporate events, trainings, exhibitions, family days and other events from 10 to 212 people. We can provide abundant catering in our \u00d6t\u00f6sfogat Restaurant, and our Imperi\u00e1l Hotel can give accommodation for up to 41 people. Beside our well-equipped rooms we also offer outdoor activities. Our Arboretum provides [&hellip;]<\/p>\n","protected":false},"author":2,"featured_media":0,"parent":0,"menu_order":0,"comment_status":"closed","ping_status":"closed","template":"","meta":{"footnotes":""},"class_list":["post-263","page","type-page","status-publish","hentry"],"_links":{"self":[{"href":"https:\/\/babolnamenes.hu\/en\/wp-json\/wp\/v2\/pages\/263","targetHints":{"allow":["GET"]}}],"collection":[{"href":"https:\/\/babolnamenes.hu\/en\/wp-json\/wp\/v2\/pages"}],"about":[{"href":"https:\/\/babolnamenes.hu\/en\/wp-json\/wp\/v2\/types\/page"}],"author":[{"embeddable":true,"href":"https:\/\/babolnamenes.hu\/en\/wp-json\/wp\/v2\/users\/2"}],"replies":[{"embeddable":true,"href":"https:\/\/babolnamenes.hu\/en\/wp-json\/wp\/v2\/comments?post=263"}],"version-history":[{"count":0,"href":"https:\/\/babolnamenes.hu\/en\/wp-json\/wp\/v2\/pages\/263\/revisions"}],"wp:attachment":[{"href":"https:\/\/babolnamenes.hu\/en\/wp-json\/wp\/v2\/media?parent=263"}],"curies":[{"name":"wp","href":"https:\/\/api.w.org\/{rel}","templated":true}]}}