{"id":288,"date":"2017-12-04T12:50:10","date_gmt":"2017-12-04T11:50:10","guid":{"rendered":"http:\/\/dev.dwnet.hu\/?page_id=288"},"modified":"2024-05-23T20:40:31","modified_gmt":"2024-05-23T18:40:31","slug":"restaurant","status":"publish","type":"page","link":"https:\/\/babolnamenes.hu\/en\/tourism\/restaurant\/","title":{"rendered":"Restaurant"},"content":{"rendered":"\n<p>Welcome to our \u00d6t\u00f6sfogat (Five-horse carriage) Restaurant, which is located in the impressive building of the former Officers&#8217; Casino. Whether it is a lunch, a corporate event or a wedding, our colleagues take charge of the delicious meals and the attentive service.<\/p>\n\n\n\n<p>We offer a separate dining room for small groups and families (8 or 30 people), and our large room can serve up to 160 people at the same time. Due to its special atmosphere and the services provided by the Stud, the Restaurant is a popular venue for weddings.<\/p>\n\n\n\n<figure class=\"wp-block-image aligncenter\"><a href=\"https:\/\/babolnamenes.hu\/wp-content\/uploads\/2018\/03\/otosfogat_etterem02.jpg\" data-rel=\"lightbox-image-0\" data-rl_title=\"Restaurant \u00d6t\u00f6sfogat\" data-rl_caption=\"\" title=\"Restaurant \u00d6t\u00f6sfogat\"><img fetchpriority=\"high\" decoding=\"async\" width=\"1200\" height=\"798\" src=\"https:\/\/babolnamenes.hu\/wp-content\/uploads\/2018\/03\/otosfogat_etterem02.jpg\" alt=\"The building of the restaurant\" class=\"wp-image-982\" srcset=\"https:\/\/babolnamenes.hu\/wp-content\/uploads\/2018\/03\/otosfogat_etterem02.jpg 1200w, https:\/\/babolnamenes.hu\/wp-content\/uploads\/2018\/03\/otosfogat_etterem02-600x399.jpg 600w, https:\/\/babolnamenes.hu\/wp-content\/uploads\/2018\/03\/otosfogat_etterem02-300x200.jpg 300w, https:\/\/babolnamenes.hu\/wp-content\/uploads\/2018\/03\/otosfogat_etterem02-768x511.jpg 768w, https:\/\/babolnamenes.hu\/wp-content\/uploads\/2018\/03\/otosfogat_etterem02-1024x681.jpg 1024w\" sizes=\"(max-width: 1200px) 100vw, 1200px\" \/><\/a><\/figure>\n\n\n\n<div style=\"height:15px\" aria-hidden=\"true\" class=\"wp-block-spacer\"><\/div>\n\n\n\n<p>There is also a conference room in the building for up to 80 people, which can be used for a wide range of events such as corporate events, team building trainings and conferences.<\/p>\n\n\n\n<p>Our meals are made of high-quality ingredients, and we can even offer real specialties on the menu, for example the B\u00e1bolna Essence Soup, the \u00d6t\u00f6sfogat Cake, the \u00d6t\u00f6sfogat Pancake and the rooster testicle stew with savoury quark cheese noodle.<\/p>\n\n\n\n<p>Be our guest on weekdays for a delicious lunch or visit us at a scheduled time!<\/p>\n\n\n\n<p>Reservations: otosfogat.cortina@gmail.com<\/p>\n\n\n\n<div class=\"wp-block-responsive-lightbox-gallery\"><div class=\"rl-gallery-container rl-loading\" id=\"rl-gallery-container-1\" data-gallery_id=\"12140\"> <div class=\"rl-gallery rl-basicgrid-gallery rl-hover-effect-4 rl-hover-icon-2\" id=\"rl-gallery-1\" data-gallery_no=\"1\"> <div class=\"rl-gallery-item\"><a href=\"https:\/\/babolnamenes.hu\/wp-content\/uploads\/2018\/03\/otosfogat_etterem01.jpg\" title=\"Catering\" data-rl_title=\"Catering\" class=\"rl-gallery-link\" data-rl_caption=\"\" data-rel=\"lightbox-gallery-1\"><img decoding=\"async\" src=\"https:\/\/babolnamenes.hu\/wp-content\/uploads\/2018\/03\/otosfogat_etterem01-300x300.jpg\" width=\"200\" height=\"200\" alt=\"Catering\" \/><span class=\"rl-gallery-caption\"><span class=\"rl-gallery-item-title\">Catering<\/span><\/span><\/a><\/div><div class=\"rl-gallery-item\"><a href=\"https:\/\/babolnamenes.hu\/wp-content\/uploads\/2018\/03\/otosfogat_etterem04.jpg\" title=\"Catering\" data-rl_title=\"Catering\" class=\"rl-gallery-link\" data-rl_caption=\"\" data-rel=\"lightbox-gallery-1\"><img decoding=\"async\" src=\"https:\/\/babolnamenes.hu\/wp-content\/uploads\/2018\/03\/otosfogat_etterem04-300x300.jpg\" width=\"200\" height=\"200\" alt=\"Catering\" \/><span class=\"rl-gallery-caption\"><span class=\"rl-gallery-item-title\">Catering<\/span><\/span><\/a><\/div><div class=\"rl-gallery-item\"><a href=\"https:\/\/babolnamenes.hu\/wp-content\/uploads\/2018\/03\/otosfogat_etterem05.jpg\" title=\"Catering\" data-rl_title=\"Catering\" class=\"rl-gallery-link\" data-rl_caption=\"\" data-rel=\"lightbox-gallery-1\"><img loading=\"lazy\" decoding=\"async\" src=\"https:\/\/babolnamenes.hu\/wp-content\/uploads\/2018\/03\/otosfogat_etterem05-300x300.jpg\" width=\"200\" height=\"200\" alt=\"Catering\" \/><span class=\"rl-gallery-caption\"><span class=\"rl-gallery-item-title\">Catering<\/span><\/span><\/a><\/div><div class=\"rl-gallery-item\"><a href=\"https:\/\/babolnamenes.hu\/wp-content\/uploads\/2018\/03\/otosfogat_etterem07.jpg\" title=\"Catering\" data-rl_title=\"Catering\" class=\"rl-gallery-link\" data-rl_caption=\"\" data-rel=\"lightbox-gallery-1\"><img loading=\"lazy\" decoding=\"async\" src=\"https:\/\/babolnamenes.hu\/wp-content\/uploads\/2018\/03\/otosfogat_etterem07-300x300.jpg\" width=\"200\" height=\"200\" alt=\"Catering\" \/><span class=\"rl-gallery-caption\"><span class=\"rl-gallery-item-title\">Catering<\/span><\/span><\/a><\/div><div class=\"rl-gallery-item\"><a href=\"https:\/\/babolnamenes.hu\/wp-content\/uploads\/2018\/03\/rendezveny_catering.jpg\" title=\"Catering\" data-rl_title=\"Catering\" class=\"rl-gallery-link\" data-rl_caption=\"\" data-rel=\"lightbox-gallery-1\"><img loading=\"lazy\" decoding=\"async\" src=\"https:\/\/babolnamenes.hu\/wp-content\/uploads\/2018\/03\/rendezveny_catering-300x300.jpg\" width=\"200\" height=\"200\" alt=\"Catering\" \/><span class=\"rl-gallery-caption\"><span class=\"rl-gallery-item-title\">Catering<\/span><\/span><\/a><\/div> <\/div> <\/div><\/div>\n","protected":false},"excerpt":{"rendered":"<p>Welcome to our \u00d6t\u00f6sfogat (Five-horse carriage) Restaurant, which is located in the impressive building of the former Officers&#8217; Casino. Whether it is a lunch, a corporate event or a wedding, our colleagues take charge of the delicious meals and the attentive service. We offer a separate dining room for small groups and families (8 or [&hellip;]<\/p>\n","protected":false},"author":2,"featured_media":0,"parent":241,"menu_order":0,"comment_status":"closed","ping_status":"closed","template":"","meta":{"footnotes":""},"class_list":["post-288","page","type-page","status-publish","hentry"],"_links":{"self":[{"href":"https:\/\/babolnamenes.hu\/en\/wp-json\/wp\/v2\/pages\/288","targetHints":{"allow":["GET"]}}],"collection":[{"href":"https:\/\/babolnamenes.hu\/en\/wp-json\/wp\/v2\/pages"}],"about":[{"href":"https:\/\/babolnamenes.hu\/en\/wp-json\/wp\/v2\/types\/page"}],"author":[{"embeddable":true,"href":"https:\/\/babolnamenes.hu\/en\/wp-json\/wp\/v2\/users\/2"}],"replies":[{"embeddable":true,"href":"https:\/\/babolnamenes.hu\/en\/wp-json\/wp\/v2\/comments?post=288"}],"version-history":[{"count":1,"href":"https:\/\/babolnamenes.hu\/en\/wp-json\/wp\/v2\/pages\/288\/revisions"}],"predecessor-version":[{"id":12165,"href":"https:\/\/babolnamenes.hu\/en\/wp-json\/wp\/v2\/pages\/288\/revisions\/12165"}],"up":[{"embeddable":true,"href":"https:\/\/babolnamenes.hu\/en\/wp-json\/wp\/v2\/pages\/241"}],"wp:attachment":[{"href":"https:\/\/babolnamenes.hu\/en\/wp-json\/wp\/v2\/media?parent=288"}],"curies":[{"name":"wp","href":"https:\/\/api.w.org\/{rel}","templated":true}]}}