{"id":289,"date":"2017-12-04T12:48:53","date_gmt":"2017-12-04T11:48:53","guid":{"rendered":"http:\/\/dev.dwnet.hu\/?page_id=289"},"modified":"2024-05-23T19:59:03","modified_gmt":"2024-05-23T17:59:03","slug":"sights","status":"publish","type":"page","link":"https:\/\/babolnamenes.hu\/en\/tourism\/sights\/","title":{"rendered":"Sights"},"content":{"rendered":"\n<h2 class=\"wp-block-heading\">Studyard<\/h2>\n\n\n\n<p>The Studyard is surrounded by an impressive building complex with a castle built in the beginning of the 1700s. According to a map from 1756, the castle is one of the oldest buildings of the settlement, and its thick walls in the hallways remind us of the history.<\/p>\n\n\n\n<p>The originally single-storey mansion was burned down by the troops of Napoleon arriving to B\u00e1bolna after the battle of Gy\u0151r in 1809. It was the revenge because they couldn&#8217;t find any horses in the Stud as they had been rescued to the Bakony hills.<\/p>\n\n\n\n<p>The building complex was renovated in the 1810s. The right wing of the castle is currently used as an office and continues with the stable of the stallions. Here you can see the pride of our Stud, the most beautiful horses of the purebred Arabian and Shagya-Arabian breeds. The stable continues with the Heroes&#8217; Gate and then with the Chamber Hall with a reception area, which was converted from a stable in the 1980s.<\/p>\n\n\n\n<figure class=\"wp-block-image aligncenter\"><a href=\"https:\/\/babolnamenes.hu\/wp-content\/uploads\/2018\/03\/nevezetessegeink.jpg\" data-rel=\"lightbox-image-0\" data-rl_title=\"\" data-rl_caption=\"\" title=\"\"><img fetchpriority=\"high\" decoding=\"async\" width=\"1200\" height=\"800\" src=\"https:\/\/babolnamenes.hu\/wp-content\/uploads\/2018\/03\/nevezetessegeink.jpg\" alt=\"Studyard\" class=\"wp-image-951\" srcset=\"https:\/\/babolnamenes.hu\/wp-content\/uploads\/2018\/03\/nevezetessegeink.jpg 1200w, https:\/\/babolnamenes.hu\/wp-content\/uploads\/2018\/03\/nevezetessegeink-600x400.jpg 600w, https:\/\/babolnamenes.hu\/wp-content\/uploads\/2018\/03\/nevezetessegeink-300x200.jpg 300w, https:\/\/babolnamenes.hu\/wp-content\/uploads\/2018\/03\/nevezetessegeink-768x512.jpg 768w, https:\/\/babolnamenes.hu\/wp-content\/uploads\/2018\/03\/nevezetessegeink-1024x683.jpg 1024w\" sizes=\"(max-width: 1200px) 100vw, 1200px\" \/><\/a><\/figure>\n\n\n\n<div style=\"height:15px\" aria-hidden=\"true\" class=\"wp-block-spacer\"><\/div>\n\n\n\n<p>The magnificent, unique-patterned cassette ceiling of the Chamber Hall evokes the art of the Hungarian church paintings. Besides theater performances it is also suitable for major conferences.<\/p>\n\n\n\n<p>You can find the stable of the riding and carriage horses, as well as the insemination room on the left side of the building complex, surrounding the beautiful Studyard decorated with flowers and fountains.<\/p>\n\n\n\n<p>The statue of a saddled horse can be seen through the etched glass windows of the front door of the castle. The statue is a memorial for the &#8220;most faithful companion&#8221;, to the horse that came home without his rider from the battle of Gy\u0151r in 1809, and reported that the battle was lost. And since Gy\u00f6rgy Vastagh jr.&#8217;s work embodies the ideal Shagya horse \u2013 a Shagya and a Gazal horse stood as models \u2013 it also dignifies the &#8220;B\u00e1bolna Arabian&#8221; breed.<\/p>\n\n\n\n<p>In the Studyard three sculptural portraits are remindig us to the famous commanders of the Stud. You can find the portrait of the founder J\u00f3zsef Csekonics on the right side, and further off the penultimate commander&#8217;s, Tibor Pettk\u00f3-Szandtner&#8217;s bust. On the opposite side the portrait of the Syrian commander Mih\u00e1ly Fadlallah el Hedad and the memorial plaque of his favourite horse O&#8217;Bajan were placed in the shadow of the old acacia tree.<\/p>\n\n\n\n<p>We may be proud of the old acacia planted in 1710, which is the oldest acacia tree in Central Europe. The old tree is now strengthened with steel parts, its diameter is 203 cm and its perimeter is 1275 cm. There is a marble plaque and a wooden headboard showing its age.<\/p>\n\n\n\n<h2 class=\"wp-block-heading\">Stables<\/h2>\n\n\n\n<p>The Studyard is bordered with the stables of the mares and the stallions. The great era of the reconstructions was after the French invasion in 1809, in which the building complex was completed in 1860.<\/p>\n\n\n\n<p>Especially the stallion stable is remarkable, as the magnificent purebred and Shagya-Arabian horses are placed in large boxes. The feeders are made of red limestone, satisfying luxury needs. The journalists of the old papers wrote it right that the horse aristocrats are living in B\u00e1bolna and Kisb\u00e9r.<\/p>\n\n\n\n<div class=\"wp-block-responsive-lightbox-gallery\"><div class=\"rl-gallery-container rl-loading\" id=\"rl-gallery-container-1\" data-gallery_id=\"12055\"> <div class=\"rl-gallery rl-basicgrid-gallery rl-hover-effect-4 rl-hover-icon-2\" id=\"rl-gallery-1\" data-gallery_no=\"1\"> <div class=\"rl-gallery-item\"><a href=\"https:\/\/babolnamenes.hu\/wp-content\/uploads\/2018\/03\/nevezetessegeink09.jpg\" title=\"Studyard\" data-rl_title=\"Studyard\" class=\"rl-gallery-link\" data-rl_caption=\"\" data-rel=\"lightbox-gallery-1\"><img decoding=\"async\" src=\"https:\/\/babolnamenes.hu\/wp-content\/uploads\/2018\/03\/nevezetessegeink09-300x300.jpg\" width=\"200\" height=\"200\" alt=\"Studyard\" \/><span class=\"rl-gallery-caption\"><span class=\"rl-gallery-item-title\">Studyard<\/span><\/span><\/a><\/div><div class=\"rl-gallery-item\"><a href=\"https:\/\/babolnamenes.hu\/wp-content\/uploads\/2018\/03\/arab_menes.jpg\" title=\"Shagya statue\" data-rl_title=\"Shagya statue\" class=\"rl-gallery-link\" data-rl_caption=\"\" data-rel=\"lightbox-gallery-1\"><img decoding=\"async\" src=\"https:\/\/babolnamenes.hu\/wp-content\/uploads\/2018\/03\/arab_menes-300x300.jpg\" width=\"200\" height=\"200\" alt=\"Shagya statue\" \/><span class=\"rl-gallery-caption\"><span class=\"rl-gallery-item-title\">Shagya statue<\/span><\/span><\/a><\/div><div class=\"rl-gallery-item\"><a href=\"https:\/\/babolnamenes.hu\/wp-content\/uploads\/2018\/03\/nevezetessegeink08.jpg\" title=\"O\u2019Bajan memorial\" data-rl_title=\"O\u2019Bajan memorial\" class=\"rl-gallery-link\" data-rl_caption=\"\" data-rel=\"lightbox-gallery-1\"><img loading=\"lazy\" decoding=\"async\" src=\"https:\/\/babolnamenes.hu\/wp-content\/uploads\/2018\/03\/nevezetessegeink08-300x300.jpg\" width=\"200\" height=\"200\" alt=\"O\u2019Bajan memorial\" \/><span class=\"rl-gallery-caption\"><span class=\"rl-gallery-item-title\">O\u2019Bajan memorial<\/span><\/span><\/a><\/div><div class=\"rl-gallery-item\"><a href=\"https:\/\/babolnamenes.hu\/wp-content\/uploads\/2018\/03\/rendezveny_kamara.jpg\" title=\"Chamber Hall\" data-rl_title=\"Chamber Hall\" class=\"rl-gallery-link\" data-rl_caption=\"\" data-rel=\"lightbox-gallery-1\"><img loading=\"lazy\" decoding=\"async\" src=\"https:\/\/babolnamenes.hu\/wp-content\/uploads\/2018\/03\/rendezveny_kamara-300x300.jpg\" width=\"200\" height=\"200\" alt=\"Chamber Hall\" \/><span class=\"rl-gallery-caption\"><span class=\"rl-gallery-item-title\">Chamber Hall<\/span><\/span><\/a><\/div><div class=\"rl-gallery-item\"><a href=\"https:\/\/babolnamenes.hu\/wp-content\/uploads\/2018\/03\/nevezetessegeink06.jpg\" title=\"Stable\" data-rl_title=\"Stable\" class=\"rl-gallery-link\" data-rl_caption=\"\" data-rel=\"lightbox-gallery-1\"><img loading=\"lazy\" decoding=\"async\" src=\"https:\/\/babolnamenes.hu\/wp-content\/uploads\/2018\/03\/nevezetessegeink06-300x300.jpg\" width=\"200\" height=\"200\" alt=\"Stable\" \/><span class=\"rl-gallery-caption\"><span class=\"rl-gallery-item-title\">Stable<\/span><\/span><\/a><\/div> <\/div> <\/div><\/div>\n\n\n\n<div style=\"height:30px\" aria-hidden=\"true\" class=\"wp-block-spacer\"><\/div>\n\n\n\n<h2 class=\"wp-block-heading\">Riding Hall<\/h2>\n\n\n\n<p>The yard&#8217;s view is defined by the Riding Hall, which impresses the visitors with its&nbsp;windows decorated with the former stud stamp, the artwork of the roof structure, the wrought iron chandeliers and wall-lamps.<\/p>\n\n\n\n<p>The 15 m wide and 44 m long riding area is used for the daily work and horse shows. This is the place for training, where our horses get the knowledge that makes them a devoted companion. But not only horses are learning between the thick walls, also hundreds of riders have mastered here in the art of riding, which they demonstrate at shows and competitions.<\/p>\n\n\n\n<p>However, one of the oldest riding halls in the country does not only offer opportunities for horse lovers, but it is also suitable for big events.<\/p>\n\n\n\n<h2 class=\"wp-block-heading\">Heroes&#8217; Gate<\/h2>\n\n\n\n<p>Between stable No. 2 and 5 the former main entrance of the Studyard, the Heroes&#8217; Gate was built in 1938, in the time of commander Tibor Pettk\u00f3-Szandtner, and today is a symbol of B\u00e1bolna.<\/p>\n\n\n\n<p>The marble plaques here are showing the name of those people from B\u00e1bolna who died in the wars of the last two centuries. It commemorates the heroes of the 1848-49 revolution and war, and the first and second world war.<\/p>\n\n\n\n<div class=\"wp-block-responsive-lightbox-gallery\"><div class=\"rl-gallery-container rl-loading\" id=\"rl-gallery-container-2\" data-gallery_id=\"12058\"> <div class=\"rl-gallery rl-basicgrid-gallery rl-hover-effect-4 rl-hover-icon-2\" id=\"rl-gallery-2\" data-gallery_no=\"2\"> <div class=\"rl-gallery-item\"><a href=\"https:\/\/babolnamenes.hu\/wp-content\/uploads\/2018\/03\/nevezetessegeink12.jpg\" title=\"Riding Hall\" data-rl_title=\"Riding Hall\" class=\"rl-gallery-link\" data-rl_caption=\"\" data-rel=\"lightbox-gallery-2\"><img loading=\"lazy\" decoding=\"async\" src=\"https:\/\/babolnamenes.hu\/wp-content\/uploads\/2018\/03\/nevezetessegeink12-300x300.jpg\" width=\"200\" height=\"200\" alt=\"Riding Hall\" \/><span class=\"rl-gallery-caption\"><span class=\"rl-gallery-item-title\">Riding Hall<\/span><\/span><\/a><\/div><div class=\"rl-gallery-item\"><a href=\"https:\/\/babolnamenes.hu\/wp-content\/uploads\/2018\/03\/nevezetessegeink13.jpg\" title=\"Heroes&#039; Gate\" data-rl_title=\"Heroes&#039; Gate\" class=\"rl-gallery-link\" data-rl_caption=\"\" data-rel=\"lightbox-gallery-2\"><img loading=\"lazy\" decoding=\"async\" src=\"https:\/\/babolnamenes.hu\/wp-content\/uploads\/2018\/03\/nevezetessegeink13-300x300.jpg\" width=\"200\" height=\"200\" alt=\"Heroes&#039; Gate\" \/><span class=\"rl-gallery-caption\"><span class=\"rl-gallery-item-title\">Heroes&#039; Gate<\/span><\/span><\/a><\/div><div class=\"rl-gallery-item\"><a href=\"https:\/\/babolnamenes.hu\/wp-content\/uploads\/2018\/03\/nevezetessegeink14.jpg\" title=\"Sundial\" data-rl_title=\"Sundial\" class=\"rl-gallery-link\" data-rl_caption=\"\" data-rel=\"lightbox-gallery-2\"><img loading=\"lazy\" decoding=\"async\" src=\"https:\/\/babolnamenes.hu\/wp-content\/uploads\/2018\/03\/nevezetessegeink14-300x300.jpg\" width=\"200\" height=\"200\" alt=\"Sundial\" \/><span class=\"rl-gallery-caption\"><span class=\"rl-gallery-item-title\">Sundial<\/span><\/span><\/a><\/div><div class=\"rl-gallery-item\"><a href=\"https:\/\/babolnamenes.hu\/wp-content\/uploads\/2018\/03\/nevezetessegeink02.jpg\" title=\"Coach Museum\" data-rl_title=\"Coach Museum\" class=\"rl-gallery-link\" data-rl_caption=\"\" data-rel=\"lightbox-gallery-2\"><img loading=\"lazy\" decoding=\"async\" src=\"https:\/\/babolnamenes.hu\/wp-content\/uploads\/2018\/03\/nevezetessegeink02-300x300.jpg\" width=\"200\" height=\"200\" alt=\"Coach Museum\" \/><span class=\"rl-gallery-caption\"><span class=\"rl-gallery-item-title\">Coach Museum<\/span><\/span><\/a><\/div><div class=\"rl-gallery-item\"><a href=\"https:\/\/babolnamenes.hu\/wp-content\/uploads\/2018\/03\/arab_menes_szan.jpg\" title=\"Five-horse sleigh\" data-rl_title=\"Five-horse sleigh\" class=\"rl-gallery-link\" data-rl_caption=\"\" data-rel=\"lightbox-gallery-2\"><img loading=\"lazy\" decoding=\"async\" src=\"https:\/\/babolnamenes.hu\/wp-content\/uploads\/2018\/03\/arab_menes_szan-300x300.jpg\" width=\"200\" height=\"200\" alt=\"Five-horse sleigh\" \/><span class=\"rl-gallery-caption\"><span class=\"rl-gallery-item-title\">Five-horse sleigh<\/span><\/span><\/a><\/div> <\/div> <\/div><\/div>\n\n\n\n<div style=\"height:30px\" aria-hidden=\"true\" class=\"wp-block-spacer\"><\/div>\n\n\n\n<h2 class=\"wp-block-heading\">Coach Museum<\/h2>\n\n\n\n<p>The collection of carriages and coaches are placed in the old remise next to the Riding Hall, where you can see 15 different type of carriages that guides to the history of driving.<\/p>\n\n\n\n<p>The international types are represented by two French char-a-blanc carriages and two interesting Polish sleighs.<\/p>\n\n\n\n<p>Among the domestic coaches, the lightweight gentlemen&#8217;s carriage, the K\u00e1rolyi, the Czir\u00e1ky, the Esterh\u00e1zy (Csekl\u00e9szi) and the V\u00e1s\u00e1rhelyi carriage types can be found. Among the folk coaches, one of the simplest Dorozsmai and the more ornated K\u00f6r\u00f6si carriages can be seen.<\/p>\n\n\n\n<p>Some of the vehicles in the Coach Museum are still used nowadays for weddings, festivals, parades and governmental visits.<\/p>\n\n\n\n<p>In addition to the various types of coaches, we can admire some ornated, Hungarian-style, handmade harnesses and special horseshoes.<\/p>\n\n\n\n<h2 class=\"wp-block-heading\">Horsemuseum<\/h2>\n\n\n\n<p>The exhibition shows the history of the Stud over more than two hundred years in the building of the former Officers&#8217; Casino. Documents, maps, sculptures and paintings, as well as tools related to horses tell us about the time since the Stud was founded in 1789, and how the people and horses lived here, who made the Stud famous with their actions and accomplishments, and got appreciation for the Stud at home and abroad.<\/p>\n\n\n\n<p>The building itself is history, as the casino building was already a roadhouse in the Middle Ages. Today&#8217;s building was built in 1902 under the command of&nbsp;Mih\u00e1ly Fadlallah el Hedad, on the base of a Baroque-style building from 1756. It served the entertainment and cultural needs of the people living and working at the Stud. The soldiers and officers used the bigger and more elegant part, while the junior officers and craftsmen reveled in the other wing of the building. The middle part was a tavern for servants and grooms.<\/p>\n\n\n\n<p>The casino building was rebuilt in 1996, and since then the Horsemuseum is in the right wing, and the \u00d6t\u00f6sfogat Restaurant is located in the left wing. In addition, a conference room for eighty people was also set up in the building.<\/p>\n\n\n\n<figure class=\"wp-block-image aligncenter\"><a href=\"https:\/\/babolnamenes.hu\/wp-content\/uploads\/2018\/03\/nevezetessegeink04.jpg\" data-rel=\"lightbox-image-11\" data-rl_title=\"\" data-rl_caption=\"\" title=\"\"><img loading=\"lazy\" decoding=\"async\" width=\"1200\" height=\"800\" src=\"https:\/\/babolnamenes.hu\/wp-content\/uploads\/2018\/03\/nevezetessegeink04.jpg\" alt=\"Horsemuseum\" class=\"wp-image-955\" srcset=\"https:\/\/babolnamenes.hu\/wp-content\/uploads\/2018\/03\/nevezetessegeink04.jpg 1200w, https:\/\/babolnamenes.hu\/wp-content\/uploads\/2018\/03\/nevezetessegeink04-600x400.jpg 600w, https:\/\/babolnamenes.hu\/wp-content\/uploads\/2018\/03\/nevezetessegeink04-300x200.jpg 300w, https:\/\/babolnamenes.hu\/wp-content\/uploads\/2018\/03\/nevezetessegeink04-768x512.jpg 768w, https:\/\/babolnamenes.hu\/wp-content\/uploads\/2018\/03\/nevezetessegeink04-1024x683.jpg 1024w\" sizes=\"(max-width: 1200px) 100vw, 1200px\" \/><\/a><\/figure>\n","protected":false},"excerpt":{"rendered":"<p>Studyard The Studyard is surrounded by an impressive building complex with a castle built in the beginning of the 1700s. According to a map from 1756, the castle is one of the oldest buildings of the settlement, and its thick walls in the hallways remind us of the history. The originally single-storey mansion was burned [&hellip;]<\/p>\n","protected":false},"author":2,"featured_media":0,"parent":241,"menu_order":0,"comment_status":"closed","ping_status":"closed","template":"","meta":{"footnotes":""},"class_list":["post-289","page","type-page","status-publish","hentry"],"_links":{"self":[{"href":"https:\/\/babolnamenes.hu\/en\/wp-json\/wp\/v2\/pages\/289","targetHints":{"allow":["GET"]}}],"collection":[{"href":"https:\/\/babolnamenes.hu\/en\/wp-json\/wp\/v2\/pages"}],"about":[{"href":"https:\/\/babolnamenes.hu\/en\/wp-json\/wp\/v2\/types\/page"}],"author":[{"embeddable":true,"href":"https:\/\/babolnamenes.hu\/en\/wp-json\/wp\/v2\/users\/2"}],"replies":[{"embeddable":true,"href":"https:\/\/babolnamenes.hu\/en\/wp-json\/wp\/v2\/comments?post=289"}],"version-history":[{"count":2,"href":"https:\/\/babolnamenes.hu\/en\/wp-json\/wp\/v2\/pages\/289\/revisions"}],"predecessor-version":[{"id":12079,"href":"https:\/\/babolnamenes.hu\/en\/wp-json\/wp\/v2\/pages\/289\/revisions\/12079"}],"up":[{"embeddable":true,"href":"https:\/\/babolnamenes.hu\/en\/wp-json\/wp\/v2\/pages\/241"}],"wp:attachment":[{"href":"https:\/\/babolnamenes.hu\/en\/wp-json\/wp\/v2\/media?parent=289"}],"curies":[{"name":"wp","href":"https:\/\/api.w.org\/{rel}","templated":true}]}}