{"id":290,"date":"2017-12-04T12:49:32","date_gmt":"2017-12-04T11:49:32","guid":{"rendered":"http:\/\/dev.dwnet.hu\/?page_id=290"},"modified":"2024-05-23T20:25:28","modified_gmt":"2024-05-23T18:25:28","slug":"hotel","status":"publish","type":"page","link":"https:\/\/babolnamenes.hu\/en\/tourism\/hotel\/","title":{"rendered":"Hotel"},"content":{"rendered":"\n<p>The Imperi\u00e1l Hotel is located in a beautiful and peaceful environment, in the historical Studyard, with 11 twin rooms, 3 double rooms, 4 triple rooms and 1 single room with private bathroom. The maximum number of guests is 41 people.<\/p>\n\n\n\n<p>Our well-equipped rooms have television, radio, refrigerator, kettle, hairdryer and wifi access to ensure the comfort of our guests. There is a comfortable lounge area on the ground floor of the hotel, as well as a 24-hour reception service and a closed parking lot.<\/p>\n\n\n\n<p>Dining opportunities are available nearby at our \u00d6t\u00f6sfogat Restaurant with breakfast, lunch and dinner.<\/p>\n\n\n\n<p>Guests are welcome all year round.<\/p>\n\n\n\n<h2 class=\"wp-block-heading\" style=\"font-size:30px\">Prices<\/h2>\n\n\n\n<figure class=\"wp-block-table\"><table><thead><tr><th>Room type<\/th><th>Price \/ night<\/th><\/tr><\/thead><tbody><tr><td>Double room (for 2 people):&nbsp;<\/td><td>20 000 Ft\/night<\/td><\/tr><tr><td>Single room:<\/td><td>12 500 Ft\/night<\/td><\/tr><tr><td>Triple room:&nbsp;<\/td><td>22 500 Ft\/night<\/td><\/tr><tr><td>Extra bed:<\/td><td>5 000 Ft\/night<\/td><\/tr><tr><td>Children discount:<\/td><td>Accommodation is free under the age of 4.<\/td><\/tr><\/tbody><\/table><\/figure>\n\n\n\n<p>We are able to recive guests with <span class=\"VIiyi\" lang=\"en\"><span class=\"JLqJ4b ChMk0b C1N51c\" data-language-for-alternatives=\"en\" data-language-to-translate-into=\"hu\" data-phrase-index=\"0\">vaccination certificate<\/span><\/span>.<\/p>\n\n\n\n<p>All prices are without breakfast.<\/p>\n\n\n\n<p>All prices include VAT.<\/p>\n\n\n\n<p>Reservations: turizmus@babolnamenes.hu<\/p>\n\n\n\n<p><a href=\"https:\/\/babolnamenes.hu\/wp-content\/uploads\/2023\/06\/Imperial_bejelento.pdf\">Entry Form and Privacy Policy<\/a><\/p>\n\n\n\n<p><a href=\"https:\/\/babolnamenes.hu\/wp-content\/uploads\/2019\/09\/GDPR-hozz\u00e1j\u00e1rul\u00f3-nyilatkozat_en.pdf\">GDPR Declaration of Consent<\/a><\/p>\n\n\n\n<p>The rooms can be occupied from 2 p.m. on the day of arrival and should be left until 10 a.m. on the day of departure.<\/p>\n\n\n\n<p>The reserved accomodation can be canceled without any legal consequence until 14 days before the day of arrival in writing, in e-mail. In case of cancelling after this, 50% of the charge for the reserved accomodation has to be paid as lump-sum compensation (failure penalty) according to the related written notification of the B\u00e1bolna National Sud Farm.<\/p>\n\n\n\n<p>Our Dear Guests can turn to the following supervising authorities with their complaints:<\/p>\n\n\n\n<p>Name of supervising authority: Town Hall Notary of B\u00e1bolna City, J\u00f3zsef Bacs\u00e1rdy notary<\/p>\n\n\n\n<p>Postal address: 2943 B\u00e1bolna, J\u00f3kai u. 12.<\/p>\n\n\n\n<p>Contact information: <a href=\"mailto:jegyzo@babolna.hu\">jegyzo@babolna.hu<\/a>, phone: +3634 568 002<\/p>\n\n\n\n<p>Name of supervising authority: Kom\u00e1rom-Esztergom County Administrative Office, Consumer Rights Office<\/p>\n\n\n\n<p>Postal address: 2800 Tatab\u00e1nya, B\u00e1rdos L. u. 2.<\/p>\n\n\n\n<p>Contact information: +3634 309 303<\/p>\n\n\n\n<p>Name of supervising authority: Kom\u00e1rom-Esztergom County Chamber of Commerce and Industry Conciliation Board<\/p>\n\n\n\n<p>Postal address: 2800 Tatab\u00e1nya, F\u0151 t\u00e9r 36.<\/p>\n\n\n\n<p>Contact information: 34\/513-010<\/p>\n\n\n\n<p>Please note that in the rooms and and in the hotel smoking is strictly prohibited. Smoking is only allowed on the appointed places. Guests are fully liable for the costs of damages caused to the furniture and objects due to smoking or cleaning costs arising from smoking.<\/p>\n\n\n\n<div class=\"wp-block-responsive-lightbox-gallery\"><div class=\"rl-gallery-container rl-loading\" id=\"rl-gallery-container-1\" data-gallery_id=\"12108\"> <div class=\"rl-gallery rl-basicgrid-gallery rl-hover-effect-4 rl-hover-icon-2\" id=\"rl-gallery-1\" data-gallery_no=\"1\"> <div class=\"rl-gallery-item\"><a href=\"https:\/\/babolnamenes.hu\/wp-content\/uploads\/2018\/03\/imperial_hotel11.jpg\" title=\"Imperi\u00e1l Hotel\" data-rl_title=\"Imperi\u00e1l Hotel\" class=\"rl-gallery-link\" data-rl_caption=\"\" data-rel=\"lightbox-gallery-1\"><img decoding=\"async\" src=\"https:\/\/babolnamenes.hu\/wp-content\/uploads\/2018\/03\/imperial_hotel11-300x300.jpg\" width=\"200\" height=\"200\" alt=\"Imperi\u00e1l Hotel\" \/><span class=\"rl-gallery-caption\"><span class=\"rl-gallery-item-title\">Imperi\u00e1l Hotel<\/span><\/span><\/a><\/div><div class=\"rl-gallery-item\"><a href=\"https:\/\/babolnamenes.hu\/wp-content\/uploads\/2018\/02\/imperial_hotel05.jpg\" title=\"Imperi\u00e1l Hotel\" data-rl_title=\"Imperi\u00e1l Hotel\" class=\"rl-gallery-link\" data-rl_caption=\"\" data-rel=\"lightbox-gallery-1\"><img decoding=\"async\" src=\"https:\/\/babolnamenes.hu\/wp-content\/uploads\/2018\/02\/imperial_hotel05-300x300.jpg\" width=\"200\" height=\"200\" alt=\"Imperi\u00e1l Hotel\" \/><span class=\"rl-gallery-caption\"><span class=\"rl-gallery-item-title\">Imperi\u00e1l Hotel<\/span><\/span><\/a><\/div><div class=\"rl-gallery-item\"><a href=\"https:\/\/babolnamenes.hu\/wp-content\/uploads\/2018\/02\/imperial_hotel04.jpg\" title=\"Imperi\u00e1l Hotel\" data-rl_title=\"Imperi\u00e1l Hotel\" class=\"rl-gallery-link\" data-rl_caption=\"\" data-rel=\"lightbox-gallery-1\"><img decoding=\"async\" src=\"https:\/\/babolnamenes.hu\/wp-content\/uploads\/2018\/02\/imperial_hotel04-300x300.jpg\" width=\"200\" height=\"200\" alt=\"Imperi\u00e1l Hotel\" \/><span class=\"rl-gallery-caption\"><span class=\"rl-gallery-item-title\">Imperi\u00e1l Hotel<\/span><\/span><\/a><\/div><div class=\"rl-gallery-item\"><a href=\"https:\/\/babolnamenes.hu\/wp-content\/uploads\/2018\/02\/imperial_hotel03.jpg\" title=\"\" data-rl_title=\"\" class=\"rl-gallery-link\" data-rl_caption=\"\" data-rel=\"lightbox-gallery-1\"><img loading=\"lazy\" decoding=\"async\" src=\"https:\/\/babolnamenes.hu\/wp-content\/uploads\/2018\/02\/imperial_hotel03-300x300.jpg\" width=\"200\" height=\"200\" alt=\"\" \/><\/a><\/div><div class=\"rl-gallery-item\"><a href=\"https:\/\/babolnamenes.hu\/wp-content\/uploads\/2018\/02\/imperial_hotel02.jpg\" title=\"Imperi\u00e1l Hotel\" data-rl_title=\"Imperi\u00e1l Hotel\" class=\"rl-gallery-link\" data-rl_caption=\"\" data-rel=\"lightbox-gallery-1\"><img loading=\"lazy\" decoding=\"async\" src=\"https:\/\/babolnamenes.hu\/wp-content\/uploads\/2018\/02\/imperial_hotel02-300x300.jpg\" width=\"200\" height=\"200\" alt=\"Imperi\u00e1l Hotel\" \/><span class=\"rl-gallery-caption\"><span class=\"rl-gallery-item-title\">Imperi\u00e1l Hotel<\/span><\/span><\/a><\/div><div class=\"rl-gallery-item\"><a href=\"https:\/\/babolnamenes.hu\/wp-content\/uploads\/2018\/02\/imperial_hotel01.jpg\" title=\"Imperi\u00e1l Hotel\" data-rl_title=\"Imperi\u00e1l Hotel\" class=\"rl-gallery-link\" data-rl_caption=\"\" data-rel=\"lightbox-gallery-1\"><img loading=\"lazy\" decoding=\"async\" src=\"https:\/\/babolnamenes.hu\/wp-content\/uploads\/2018\/02\/imperial_hotel01-300x300.jpg\" width=\"200\" height=\"200\" alt=\"Imperi\u00e1l Hotel\" \/><span class=\"rl-gallery-caption\"><span class=\"rl-gallery-item-title\">Imperi\u00e1l Hotel<\/span><\/span><\/a><\/div><div class=\"rl-gallery-item\"><a href=\"https:\/\/babolnamenes.hu\/wp-content\/uploads\/2018\/02\/imperial_hotel06.jpg\" title=\"Imperi\u00e1l Hotel\" data-rl_title=\"Imperi\u00e1l Hotel\" class=\"rl-gallery-link\" data-rl_caption=\"\" data-rel=\"lightbox-gallery-1\"><img loading=\"lazy\" decoding=\"async\" src=\"https:\/\/babolnamenes.hu\/wp-content\/uploads\/2018\/02\/imperial_hotel06-300x300.jpg\" width=\"200\" height=\"200\" alt=\"Imperi\u00e1l Hotel\" \/><span class=\"rl-gallery-caption\"><span class=\"rl-gallery-item-title\">Imperi\u00e1l Hotel<\/span><\/span><\/a><\/div><div class=\"rl-gallery-item\"><a href=\"https:\/\/babolnamenes.hu\/wp-content\/uploads\/2018\/02\/imperial_hotel07.jpg\" title=\"Imperi\u00e1l Hotel\" data-rl_title=\"Imperi\u00e1l Hotel\" class=\"rl-gallery-link\" data-rl_caption=\"\" data-rel=\"lightbox-gallery-1\"><img loading=\"lazy\" decoding=\"async\" src=\"https:\/\/babolnamenes.hu\/wp-content\/uploads\/2018\/02\/imperial_hotel07-300x300.jpg\" width=\"200\" height=\"200\" alt=\"Imperi\u00e1l Hotel\" \/><span class=\"rl-gallery-caption\"><span class=\"rl-gallery-item-title\">Imperi\u00e1l Hotel<\/span><\/span><\/a><\/div><div class=\"rl-gallery-item\"><a href=\"https:\/\/babolnamenes.hu\/wp-content\/uploads\/2018\/02\/imperial_hotel08.jpg\" title=\"Imperi\u00e1l Hotel\" data-rl_title=\"Imperi\u00e1l Hotel\" class=\"rl-gallery-link\" data-rl_caption=\"\" data-rel=\"lightbox-gallery-1\"><img loading=\"lazy\" decoding=\"async\" src=\"https:\/\/babolnamenes.hu\/wp-content\/uploads\/2018\/02\/imperial_hotel08-300x300.jpg\" width=\"200\" height=\"200\" alt=\"Imperi\u00e1l Hotel\" \/><span class=\"rl-gallery-caption\"><span class=\"rl-gallery-item-title\">Imperi\u00e1l Hotel<\/span><\/span><\/a><\/div><div class=\"rl-gallery-item\"><a href=\"https:\/\/babolnamenes.hu\/wp-content\/uploads\/2018\/02\/imperial_hotel10.jpg\" title=\"Imperi\u00e1l Hotel\" data-rl_title=\"Imperi\u00e1l Hotel\" class=\"rl-gallery-link\" data-rl_caption=\"\" data-rel=\"lightbox-gallery-1\"><img loading=\"lazy\" decoding=\"async\" src=\"https:\/\/babolnamenes.hu\/wp-content\/uploads\/2018\/02\/imperial_hotel10-300x300.jpg\" width=\"200\" height=\"200\" alt=\"Imperi\u00e1l Hotel\" \/><span class=\"rl-gallery-caption\"><span class=\"rl-gallery-item-title\">Imperi\u00e1l Hotel<\/span><\/span><\/a><\/div> <\/div> <\/div><\/div>\n\n\n\n<div style=\"height:32px\" aria-hidden=\"true\" class=\"wp-block-spacer\"><\/div>\n\n\n\n<div style=\"height:32px\" aria-hidden=\"true\" class=\"wp-block-spacer\"><\/div>\n\n\n\n<h2 class=\"wp-block-heading\" style=\"font-size:30px\">Bicycle rental for hotel guests<\/h2>\n\n\n\n<figure class=\"wp-block-table\"><table><thead><tr><th>Period<\/th><th>Adult bicycle<\/th><th>Children bicycle<\/th><\/tr><\/thead><tbody><tr><td>max. 3 hours:<\/td><td>1000 Ft\/bicycle<\/td><td>600 Ft\/bicycle<\/td><\/tr><tr><td>max. 6 hours:<\/td><td>1500 Ft\/bicycle<\/td><td>1000 Ft\/bicycle<\/td><\/tr><tr><td>1 day:<\/td><td>2000 Ft\/day\/bicycle<\/td><td>1400 Ft\/day\/bicycle<\/td><\/tr><tr><td>2 days:<\/td><td>1400 Ft\/day\/bicycle<\/td><td>1200 Ft\/day\/bicycle<\/td><\/tr><tr><td>from 3 days:<\/td><td>1200 Ft\/day\/bicycle<\/td><td>1000 Ft\/day\/bicycle<\/td><\/tr><\/tbody><\/table><\/figure>\n\n\n\n<p>You can pay by cash, or with Visa, Maestro, MasterCard, American Express debit card.<\/p>\n","protected":false},"excerpt":{"rendered":"<p>The Imperi\u00e1l Hotel is located in a beautiful and peaceful environment, in the historical Studyard, with 11 twin rooms, 3 double rooms, 4 triple rooms and 1 single room with private bathroom. The maximum number of guests is 41 people. Our well-equipped rooms have television, radio, refrigerator, kettle, hairdryer and wifi access to ensure the [&hellip;]<\/p>\n","protected":false},"author":2,"featured_media":0,"parent":241,"menu_order":0,"comment_status":"closed","ping_status":"closed","template":"","meta":{"footnotes":""},"class_list":["post-290","page","type-page","status-publish","hentry"],"_links":{"self":[{"href":"https:\/\/babolnamenes.hu\/en\/wp-json\/wp\/v2\/pages\/290","targetHints":{"allow":["GET"]}}],"collection":[{"href":"https:\/\/babolnamenes.hu\/en\/wp-json\/wp\/v2\/pages"}],"about":[{"href":"https:\/\/babolnamenes.hu\/en\/wp-json\/wp\/v2\/types\/page"}],"author":[{"embeddable":true,"href":"https:\/\/babolnamenes.hu\/en\/wp-json\/wp\/v2\/users\/2"}],"replies":[{"embeddable":true,"href":"https:\/\/babolnamenes.hu\/en\/wp-json\/wp\/v2\/comments?post=290"}],"version-history":[{"count":1,"href":"https:\/\/babolnamenes.hu\/en\/wp-json\/wp\/v2\/pages\/290\/revisions"}],"predecessor-version":[{"id":12136,"href":"https:\/\/babolnamenes.hu\/en\/wp-json\/wp\/v2\/pages\/290\/revisions\/12136"}],"up":[{"embeddable":true,"href":"https:\/\/babolnamenes.hu\/en\/wp-json\/wp\/v2\/pages\/241"}],"wp:attachment":[{"href":"https:\/\/babolnamenes.hu\/en\/wp-json\/wp\/v2\/media?parent=290"}],"curies":[{"name":"wp","href":"https:\/\/api.w.org\/{rel}","templated":true}]}}