{"id":509,"date":"2017-11-05T19:38:57","date_gmt":"2017-11-05T18:38:57","guid":{"rendered":"http:\/\/dev.babolnamenes.hu\/?page_id=509"},"modified":"2024-05-23T22:20:58","modified_gmt":"2024-05-23T20:20:58","slug":"contact","status":"publish","type":"page","link":"https:\/\/babolnamenes.hu\/en\/contact\/","title":{"rendered":"Contact"},"content":{"rendered":"\n<div style=\"height:20px\" aria-hidden=\"true\" class=\"wp-block-spacer\"><\/div>\n\n\n\n<h2 class=\"wp-block-heading\" style=\"font-size:30px\">B\u00e1bolna Nemzeti M\u00e9nesbirtok \/ B\u00e1bolna National Stud Farm<\/h2>\n\n\n\n<p class=\"has-text-align-left\">2943 B\u00e1bolna, M\u00e9sz\u00e1ros \u00fat 1.<br>E-mail:&nbsp;<a href=\"mailto:menesbirtok@babolnamenes.hu\">menesbirtok@babolnamenes.hu<\/a><\/p>\n\n\n\n<div style=\"height:20px\" aria-hidden=\"true\" class=\"wp-block-spacer\"><\/div>\n\n\n\n<h2 class=\"wp-block-heading\" style=\"font-size:30px\">Stud Office<\/h2>\n\n\n\n<p class=\"has-text-align-left\">E-mail:&nbsp;<a href=\"mailto:menesiroda@babolnamenes.hu\">menesiroda@babolnamenes.hu<\/a><\/p>\n\n\n\n<div style=\"height:20px\" aria-hidden=\"true\" class=\"wp-block-spacer\"><\/div>\n\n\n\n<h2 class=\"wp-block-heading\" style=\"font-size:30px\">Tourism Office<\/h2>\n\n\n\n<p class=\"has-text-align-left\">E-mail:&nbsp;<a href=\"mailto:turizmus@babolnamenes.hu\">turizmus@babolnamenes.hu<\/a><br>Opening hours: Monday to Friday 8 a.m.-3.30 pm<\/p>\n\n\n\n<div style=\"height:20px\" aria-hidden=\"true\" class=\"wp-block-spacer\"><\/div>\n\n\n\n<h2 class=\"wp-block-heading\" style=\"font-size:30px\">Di\u00f3spuszta Thoroughbred Stud<\/h2>\n\n\n\n<p class=\"has-text-align-left\">Address: Tata &#8211; Di\u00f3spuszta,&nbsp;2890, Hungary<br>E-mail:&nbsp;<a href=\"mailto:diospuszta@babolnamenes.hu\">diospuszta@babolnamenes.hu<\/a><\/p>\n","protected":false},"excerpt":{"rendered":"<p>B\u00e1bolna Nemzeti M\u00e9nesbirtok \/ B\u00e1bolna National Stud Farm 2943 B\u00e1bolna, M\u00e9sz\u00e1ros \u00fat 1.E-mail:&nbsp;menesbirtok@babolnamenes.hu Stud Office E-mail:&nbsp;menesiroda@babolnamenes.hu Tourism Office E-mail:&nbsp;turizmus@babolnamenes.huOpening hours: Monday to Friday 8 a.m.-3.30 pm Di\u00f3spuszta Thoroughbred Stud Address: Tata &#8211; Di\u00f3spuszta,&nbsp;2890, HungaryE-mail:&nbsp;diospuszta@babolnamenes.hu<\/p>\n","protected":false},"author":5,"featured_media":0,"parent":0,"menu_order":0,"comment_status":"closed","ping_status":"closed","template":"","meta":{"footnotes":""},"class_list":["post-509","page","type-page","status-publish","hentry"],"_links":{"self":[{"href":"https:\/\/babolnamenes.hu\/en\/wp-json\/wp\/v2\/pages\/509","targetHints":{"allow":["GET"]}}],"collection":[{"href":"https:\/\/babolnamenes.hu\/en\/wp-json\/wp\/v2\/pages"}],"about":[{"href":"https:\/\/babolnamenes.hu\/en\/wp-json\/wp\/v2\/types\/page"}],"author":[{"embeddable":true,"href":"https:\/\/babolnamenes.hu\/en\/wp-json\/wp\/v2\/users\/5"}],"replies":[{"embeddable":true,"href":"https:\/\/babolnamenes.hu\/en\/wp-json\/wp\/v2\/comments?post=509"}],"version-history":[{"count":2,"href":"https:\/\/babolnamenes.hu\/en\/wp-json\/wp\/v2\/pages\/509\/revisions"}],"predecessor-version":[{"id":12235,"href":"https:\/\/babolnamenes.hu\/en\/wp-json\/wp\/v2\/pages\/509\/revisions\/12235"}],"wp:attachment":[{"href":"https:\/\/babolnamenes.hu\/en\/wp-json\/wp\/v2\/media?parent=509"}],"curies":[{"name":"wp","href":"https:\/\/api.w.org\/{rel}","templated":true}]}}