{"id":10912,"date":"2022-01-14T15:02:02","date_gmt":"2022-01-14T14:02:02","guid":{"rendered":"https:\/\/babolna2.weblapepites.hu\/lovak\/termekkategoria\/cirfandli\/"},"modified":"2024-05-30T18:15:00","modified_gmt":"2024-05-30T16:15:00","slug":"cirfandli","status":"publish","type":"product","link":"https:\/\/babolnamenes.hu\/en\/lovak\/termekkategoria\/cirfandli\/","title":{"rendered":"Cirfandli"},"content":{"rendered":"<p style=\"text-align: justify;\">The only son of the legendary sprinter, Overdose at stud.<\/p>\n<p style=\"text-align: justify;\">CIRFANDLI ran from two to six in 28 races from which he won 10 and has been placed in 12. He\u2019s been known for his devastating finish. he has won the K\u00e1poszt\u00e1smegyeri D\u00edj, the Imperi\u00e1l D\u00edj, and twice the Buccaneer D\u00edj. He has been placed twice in the \u00a0Listed <strong>Premio Chiusura<\/strong> over 1400 meter where he finished second and third\u00a0 and also third in the <strong>Premio Bereguardo<\/strong>.<\/p>\n<p style=\"text-align: justify;\">CIRFANDLI\u2019s dam was among the best fillies in her generation in Central Europe.<\/p>\n<p style=\"text-align: justify;\">Information: diospuszta@babolnamenes.hu<\/p>\n<p><a href=\"https:\/\/babolnamenes.hu\/wp-content\/uploads\/2022\/02\/NOMINATION2022.pdf\" target=\"_blank\" rel=\"noopener\">Download &#8211; Nomination for the season 2022.<\/a><\/p>\n<h2>Pedigree<\/h2>\n<table width=\"393\">\n<tbody>\n<tr>\n<td rowspan=\"4\" width=\"131\">OVERDOSE<\/td>\n<td rowspan=\"2\" width=\"131\">STARBOROUGH<\/td>\n<td width=\"131\">SOVIET STAR<\/td>\n<\/tr>\n<tr>\n<td>FLAMENCO WAVE<\/td>\n<\/tr>\n<tr>\n<td rowspan=\"2\">OUR POPPET<\/td>\n<td width=\"131\">WARNING<\/td>\n<\/tr>\n<tr>\n<td width=\"131\">UPEND<\/td>\n<\/tr>\n<tr>\n<td rowspan=\"4\">CHIARALUNA<\/td>\n<td rowspan=\"2\">BULLY PULPIT<\/td>\n<td width=\"131\">PULPIT<\/td>\n<\/tr>\n<tr>\n<td>MADAME PANDIT<\/td>\n<\/tr>\n<tr>\n<td rowspan=\"2\" width=\"131\">CHICADEE<\/td>\n<td>IN A TIFF<\/td>\n<\/tr>\n<tr>\n<td width=\"131\">COS I DO<\/td>\n<\/tr>\n<\/tbody>\n<\/table>\n","protected":false},"excerpt":{"rendered":"<div class=\"doboz\"><span class=\"megnev\">Stud fee:<\/span><\/div>\n<div class=\"doboz2\"><span class=\"ertek\">500 EUR + VAT<\/span><\/div>\n<p>\u2022 Birth date: <b>2015<\/b><br \/>\n\u2022 Breed: <b>thoroughbred<\/b><br \/>\n\u2022 Gender: <b>stallion<\/b><br \/>\n\u2022 Colour: <b>chesnut<\/b><\/p>\n","protected":false},"featured_media":13997,"comment_status":"closed","ping_status":"closed","template":"","meta":[],"product_brand":[],"product_cat":[134,230],"product_tag":[],"class_list":{"0":"post-10912","1":"product","2":"type-product","3":"status-publish","4":"has-post-thumbnail","6":"product_cat-stallions","7":"product_cat-thoroughbred","8":"pa_lofajtaink-thoroughbred","9":"pa_nem-stallion","10":"pa_szuletesi-ido-2015-en","12":"first","13":"instock","14":"taxable","15":"shipping-taxable","16":"product-type-simple"},"_links":{"self":[{"href":"https:\/\/babolnamenes.hu\/en\/wp-json\/wp\/v2\/product\/10912","targetHints":{"allow":["GET"]}}],"collection":[{"href":"https:\/\/babolnamenes.hu\/en\/wp-json\/wp\/v2\/product"}],"about":[{"href":"https:\/\/babolnamenes.hu\/en\/wp-json\/wp\/v2\/types\/product"}],"replies":[{"embeddable":true,"href":"https:\/\/babolnamenes.hu\/en\/wp-json\/wp\/v2\/comments?post=10912"}],"wp:featuredmedia":[{"embeddable":true,"href":"https:\/\/babolnamenes.hu\/en\/wp-json\/wp\/v2\/media\/13997"}],"wp:attachment":[{"href":"https:\/\/babolnamenes.hu\/en\/wp-json\/wp\/v2\/media?parent=10912"}],"wp:term":[{"taxonomy":"product_brand","embeddable":true,"href":"https:\/\/babolnamenes.hu\/en\/wp-json\/wp\/v2\/product_brand?post=10912"},{"taxonomy":"product_cat","embeddable":true,"href":"https:\/\/babolnamenes.hu\/en\/wp-json\/wp\/v2\/product_cat?post=10912"},{"taxonomy":"product_tag","embeddable":true,"href":"https:\/\/babolnamenes.hu\/en\/wp-json\/wp\/v2\/product_tag?post=10912"}],"curies":[{"name":"wp","href":"https:\/\/api.w.org\/{rel}","templated":true}]}}