{"id":14570,"date":"2025-12-15T12:33:25","date_gmt":"2025-12-15T11:33:25","guid":{"rendered":"https:\/\/babolnamenes.hu\/?post_type=product&#038;p=14570"},"modified":"2026-02-02T14:12:37","modified_gmt":"2026-02-02T13:12:37","slug":"geza-ire","status":"publish","type":"product","link":"https:\/\/babolnamenes.hu\/en\/lovak\/termekkategoria\/geza-ire\/","title":{"rendered":"G\u00e9za (IRE)"},"content":{"rendered":"<p>For the 2026 breeding season, B\u00e1bolna National Stud is offering a newly retired stallion to domestic and regional breeders in the form of G\u00c9ZA (IRE), the Hungarian Horse of the Year for the 2024 season, and a dual Hungarian and Austrian Derby winner (sire: Sioux Nation \u2013 dam: Great Job).<\/p>\n<p>Racing Performance<\/p>\n<p>G\u00e9za was imported in 2022 with high expectations by one of the leading racing stables in Hungarian racing, the Jazy Team. He was highly regarded already at two years of age, as following a successful debut he went to the Szent L\u00e1szl\u00f3 Prize (HUN Gd-2) as a major contender. On a heavily rain-affected track, however, he could finish only fifth.<\/p>\n<p>At three, he quickly came into his own. In his first start of the 2024 season, the 1400-metre Gr\u00f3f Erd\u0151dy Rudolf Memorial Race (Class I), he finished an impressive second after a tactically well-judged ride. Shortly thereafter, the Irish-bred colt changed ownership, joining the Benji-Beni Stable for HUF 20,000,000.<\/p>\n<p>He went on to win the season\u2019s first Classic, the mile Nemzeti Prize (HUN Gd-2), followed about a month later by another victory in the Alagi Prize (HUN Gd-2). The 102nd Hungarian Derby (HUN Gd-1) over 2400 metres provided the crowd with a fascinating tactical contest. G\u00e9za was ridden patiently for much of the race, before surging through the field like an express train in the final 400 metres. With this emphatic victory, the possibility of completing the Triple Crown in the October St. Leger came into view.<\/p>\n<p>His next major assignment was the Austrian Classic, the Donau Derby (AUT Gd-1). The last Hungarian-trained horse to complete the Derby double had been Turb\u00f3 in 1981. By confidently winning the Donau Derby as well\u2014his fourth consecutive major success\u2014G\u00e9za wrote his name into the history books. Unfortunately, he was unable to contest the October St. Leger due to injury.<\/p>\n<p>Pedigree<\/p>\n<p>Sioux Nation, a Group 1-winning two-year-old and Royal Ascot winner, is a son of Scat Daddy\u2014just like No Nay Never.<br \/>\nScat Daddy is the phenomenal sire of, among others, No Nay Never, Triple Crown winner Justify, and sprinting stars Caravaggio, Lady Aurelia, Acapulco, etc.<\/p>\n<p>Sioux Nation\u2019s dam won her only career start over six furlongs and is a daughter of European Champion Sprinter and outstanding sire Oasis Dream, a leading influence for speed.<\/p>\n<p>In 2025, Sioux Nation\u2019s yearlings sold for 525,000 gns, 475,000 gns, 325,000 gns, \u20ac310,000, 280,000 gns, \u20ac260,000, \u20ac250,000, and more.<br \/>\nHis breeze-up progeny reached prices of up to \u20ac1,000,000 in 2025.<\/p>\n<p>Best progeny to date include:<br \/>\n\u2022 Socks Nation \u2013 winner of the Group 1 Queensland Oaks, placed in the Group 1 Empire Rose Stakes and Group 1 Northerly Stakes (trainer: Ciaron Maher).<br \/>\n\u2022 She\u2019s Perfect \u2013 finished first past the post in the Group 1 Poule d\u2019Essai des Pouliches and runner-up in the Group 3 Prix de la Grotte.<br \/>\n\u2022 Matilda Picotte \u2013 multiple winner including the Group 2 Challenge Stakes, Group 3 Sceptre Fillies\u2019 Stakes, and Listed Bosra Sham Stakes at Newmarket; runner-up in the Group 3 Priory Belle 1,000 Guineas Trial Stakes and Group 3 Fairy Bridge Stakes; third in the Group 1 1000 Guineas, Group 2 Airlie Stud Stakes, and Group 2 Lowther Stakes.<br \/>\n\u2022 Zanthos \u2013 a \u20ac1 million breeze-up purchase from Arqana and winner of the Group 2 Rockfel Stakes.<\/p>\n<p>Dam Sire Line<\/p>\n<p>G\u00e9za\u2019s damsire is Makfi (GB), one of the early sons of the renowned Dubawi (IRE). Makfi\u2019s Classic victories include the Prix Jacques le Marois (G1), the English 2000 Guineas (G1), and the Prix Djebel (G3). His notable progeny include Make Believe, winner of the Poule d\u2019Essai des Poulains (French 2000 Guineas, G1) and now a successful stallion himself, siring Mishriff, winner of the Saudi Cup (G1), as well as Bonneval, a three-time Group 1 winner who was named New Zealand Horse of the Year in both 2017 and 2018.<\/p>\n<h2>Pedigree<\/h2>\n<table width=\"393\">\n<thead>\n<tr>\n<th><span style=\"font-weight: 400;\">Parent<\/span><\/th>\n<th><span style=\"font-weight: 400;\">Grandparent<\/span><\/th>\n<th><span style=\"font-weight: 400;\">Great-grandparent<\/span><\/th>\n<\/tr>\n<\/thead>\n<tbody>\n<tr>\n<td rowspan=\"4\" width=\"131\">SIOUX NATION (USA)<\/td>\n<td rowspan=\"2\" width=\"131\">Scat Daddy (USA)<\/td>\n<td width=\"131\">Johannesburg<\/td>\n<\/tr>\n<tr>\n<td>Love Style<\/td>\n<\/tr>\n<tr>\n<td rowspan=\"2\">Dream The Blues (IRE)<\/td>\n<td width=\"131\">Oasis Dream<\/td>\n<\/tr>\n<tr>\n<td width=\"131\">Catch\u00a0 The Blues<\/td>\n<\/tr>\n<tr>\n<td rowspan=\"4\">GREAT JOB (GB)<\/td>\n<td rowspan=\"2\">Makfi (GB)<\/td>\n<td width=\"131\">Dubawi<\/td>\n<\/tr>\n<tr>\n<td>Dhelaal<\/td>\n<\/tr>\n<tr>\n<td rowspan=\"2\" width=\"131\">Brattothecore (CAN)<\/td>\n<td>Katahaula County<\/td>\n<\/tr>\n<tr>\n<td width=\"131\">Sweet Leader<\/td>\n<\/tr>\n<\/tbody>\n<\/table>\n","protected":false},"excerpt":{"rendered":"<div class=\"doboz\"><span class=\"megnev\">Stud fee:<\/span><\/div>\n<div class=\"doboz2\"><span class=\"ertek\">500 EUR + VAT<\/span><\/div>\n<p>\u2022 Birth year: <b>2021<\/b><\/p>\n<p>\u2022 Breed: <b>thoroughbred<\/b><\/p>\n<p>\u2022 Gender: <b>stallion<\/b><\/p>\n<p>\u2022 Colour: <b>bay<\/b><\/p>\n","protected":false},"featured_media":14538,"comment_status":"closed","ping_status":"closed","template":"","meta":[],"product_brand":[],"product_cat":[134,230],"product_tag":[],"class_list":{"0":"post-14570","1":"product","2":"type-product","3":"status-publish","4":"has-post-thumbnail","6":"product_cat-stallions","7":"product_cat-thoroughbred","8":"pa_lofajtaink-thoroughbred","9":"pa_nem-stallion","10":"pa_szuletesi-ido-1006","12":"first","13":"instock","14":"taxable","15":"shipping-taxable","16":"product-type-simple"},"_links":{"self":[{"href":"https:\/\/babolnamenes.hu\/en\/wp-json\/wp\/v2\/product\/14570","targetHints":{"allow":["GET"]}}],"collection":[{"href":"https:\/\/babolnamenes.hu\/en\/wp-json\/wp\/v2\/product"}],"about":[{"href":"https:\/\/babolnamenes.hu\/en\/wp-json\/wp\/v2\/types\/product"}],"replies":[{"embeddable":true,"href":"https:\/\/babolnamenes.hu\/en\/wp-json\/wp\/v2\/comments?post=14570"}],"wp:featuredmedia":[{"embeddable":true,"href":"https:\/\/babolnamenes.hu\/en\/wp-json\/wp\/v2\/media\/14538"}],"wp:attachment":[{"href":"https:\/\/babolnamenes.hu\/en\/wp-json\/wp\/v2\/media?parent=14570"}],"wp:term":[{"taxonomy":"product_brand","embeddable":true,"href":"https:\/\/babolnamenes.hu\/en\/wp-json\/wp\/v2\/product_brand?post=14570"},{"taxonomy":"product_cat","embeddable":true,"href":"https:\/\/babolnamenes.hu\/en\/wp-json\/wp\/v2\/product_cat?post=14570"},{"taxonomy":"product_tag","embeddable":true,"href":"https:\/\/babolnamenes.hu\/en\/wp-json\/wp\/v2\/product_tag?post=14570"}],"curies":[{"name":"wp","href":"https:\/\/api.w.org\/{rel}","templated":true}]}}