{"id":14931,"date":"2026-01-30T12:33:16","date_gmt":"2026-01-30T11:33:16","guid":{"rendered":"https:\/\/babolnamenes.hu\/?post_type=product&#038;p=14931"},"modified":"2026-02-02T22:32:59","modified_gmt":"2026-02-02T21:32:59","slug":"first-is-last","status":"publish","type":"product","link":"https:\/\/babolnamenes.hu\/en\/lovak\/termekkategoria\/first-is-last\/","title":{"rendered":"First Is Last"},"content":{"rendered":"<p>\u00c1r: 800 000Ft + \u00c1fa<br \/>\nN\u00e9v: First Is Last<br \/>\nSz\u00fcl. \u00e9v: 2022<br \/>\nSz\u00e1rmaz\u00e1s: Mokarris x First Fast Now<br \/>\nSz\u00edne: s\u00e1rga<br \/>\nNeme: kanca<\/p>\n<p>Eg\u00e9szs\u00e9ges, versenykarrierje nem volt kiel\u00e9g\u00edt\u0151. Halad\u00f3 lovasnak aj\u00e1nlott.<\/p>\n<p>Megtekinteni el\u0151re egyeztetett id\u0151pontban a tatai, Di\u00f3spuszta telep\u00fcnk\u00f6n lehets\u00e9ges.<br \/>\nEgyeztetni Horv\u00e1th Bal\u00e1zs m\u00e9nesvezet\u0151n\u00e9l: horvath.balazs@babolnamenes.hu, +36209455981<\/p>\n","protected":false},"excerpt":{"rendered":"<div class=\"doboz\"><span class=\"megnev\">Fajta: Angol teliv\u00e9r<\/span><\/div>\n<div class=\"doboz2\"><span class=\"ertek\">\u00c1r: 800 000Ft + \u00c1fa<\/span><\/div>\n<p>\u2022 N\u00e9v: <b>First Is Last<\/b><br \/>\n\u2022 Sz\u00fcl. \u00e9v: <b>2022<\/b><br \/>\n\u2022 Sz\u00e1rmaz\u00e1s: <b>Mokarris x First Fast Now<\/b><br \/>\n\u2022 Sz\u00edne: <b>s\u00e1rga<\/b><br \/>\n\u2022 Neme: <b>kanca<\/b><\/p>\n","protected":false},"featured_media":14822,"comment_status":"open","ping_status":"closed","template":"","meta":[],"product_brand":[],"product_cat":[218,224],"product_tag":[],"class_list":{"0":"post-14931","1":"product","2":"type-product","3":"status-publish","4":"has-post-thumbnail","6":"product_cat-horses-for-sale","7":"product_cat-thoroughbred-stud","8":"pa_lofajtaink-angol-teliver","9":"pa_lofajtaink-thoroughbred","10":"pa_nem-kanca-hu","11":"pa_nem-mare","12":"pa_szuletesi-ido-1001","13":"pa_szuletesi-ido-2022-en","15":"first","16":"instock","17":"taxable","18":"shipping-taxable","19":"product-type-simple"},"_links":{"self":[{"href":"https:\/\/babolnamenes.hu\/en\/wp-json\/wp\/v2\/product\/14931","targetHints":{"allow":["GET"]}}],"collection":[{"href":"https:\/\/babolnamenes.hu\/en\/wp-json\/wp\/v2\/product"}],"about":[{"href":"https:\/\/babolnamenes.hu\/en\/wp-json\/wp\/v2\/types\/product"}],"replies":[{"embeddable":true,"href":"https:\/\/babolnamenes.hu\/en\/wp-json\/wp\/v2\/comments?post=14931"}],"wp:featuredmedia":[{"embeddable":true,"href":"https:\/\/babolnamenes.hu\/en\/wp-json\/wp\/v2\/media\/14822"}],"wp:attachment":[{"href":"https:\/\/babolnamenes.hu\/en\/wp-json\/wp\/v2\/media?parent=14931"}],"wp:term":[{"taxonomy":"product_brand","embeddable":true,"href":"https:\/\/babolnamenes.hu\/en\/wp-json\/wp\/v2\/product_brand?post=14931"},{"taxonomy":"product_cat","embeddable":true,"href":"https:\/\/babolnamenes.hu\/en\/wp-json\/wp\/v2\/product_cat?post=14931"},{"taxonomy":"product_tag","embeddable":true,"href":"https:\/\/babolnamenes.hu\/en\/wp-json\/wp\/v2\/product_tag?post=14931"}],"curies":[{"name":"wp","href":"https:\/\/api.w.org\/{rel}","templated":true}]}}