{"id":14935,"date":"2026-01-30T12:09:16","date_gmt":"2026-01-30T11:09:16","guid":{"rendered":"https:\/\/babolnamenes.hu\/?post_type=product&#038;p=14935"},"modified":"2026-02-02T22:36:38","modified_gmt":"2026-02-02T21:36:38","slug":"melarris","status":"publish","type":"product","link":"https:\/\/babolnamenes.hu\/en\/lovak\/termekkategoria\/melarris\/","title":{"rendered":"Melarris"},"content":{"rendered":"<p>\u00c1r: 800 000Ft + \u00c1fa<br \/>\nFajta: Angol teli\u00e9r<br \/>\nN\u00e9v: Melarris<br \/>\nSz\u00fcl. \u00e9v: 2021<br \/>\nSz\u00e1rmaz\u00e1s: Mokarris x Megkap\u00f3<br \/>\nSz\u00edne: pej<br \/>\nNeme: her\u00e9lt<\/p>\n<p>Kor\u00e1bbi, 60 sz\u00e1zal\u00e9k k\u00f6r\u00fcli \u00edns\u00e9r\u00fcl\u00e9sb\u0151l rehabilit\u00e1l\u00f3dott. Lovagl\u00e1sa sor\u00e1n nem tapasztalunk s\u00e1ntas\u00e1got.<br \/>\nJ\u00f3 sz\u00e1nd\u00e9k\u00fa.<\/p>\n<p>Megtekinteni el\u0151re egyeztetett id\u0151pontban a tatai, Di\u00f3spuszta telep\u00fcnk\u00f6n lehets\u00e9ges.<br \/>\nEgyeztetni Horv\u00e1th Bal\u00e1zs m\u00e9nesvezet\u0151n\u00e9l: horvath.balazs@babolnamenes.hu, +36209455981<\/p>\n","protected":false},"excerpt":{"rendered":"<div class=\"doboz\"><span class=\"megnev\">Fajta: Angol teliv\u00e9r<\/span><\/div>\n<div class=\"doboz2\"><span class=\"ertek\">\u00c1r: 800 000Ft + \u00c1fa<\/span><\/div>\n<p>\u2022 N\u00e9v: <b>Melarris<\/b><br \/>\n\u2022 Sz\u00fcl. \u00e9v: <b>2021<\/b><br \/>\n\u2022 Sz\u00e1rmaz\u00e1s: <b>Mokarris x Megkap\u00f3<\/b><br \/>\n\u2022 Sz\u00edne: <b>pej<\/b><br \/>\n\u2022 Neme: <b>her\u00e9lt<\/b><\/p>\n","protected":false},"featured_media":14767,"comment_status":"open","ping_status":"closed","template":"","meta":[],"product_brand":[],"product_cat":[218,224],"product_tag":[],"class_list":{"0":"post-14935","1":"product","2":"type-product","3":"status-publish","4":"has-post-thumbnail","6":"product_cat-horses-for-sale","7":"product_cat-thoroughbred-stud","8":"pa_lofajtaink-angol-teliver","9":"pa_lofajtaink-thoroughbred","10":"pa_nem-gelding","11":"pa_nem-herelt-hu","12":"pa_szuletesi-ido-1006","14":"first","15":"instock","16":"taxable","17":"shipping-taxable","18":"product-type-simple"},"_links":{"self":[{"href":"https:\/\/babolnamenes.hu\/en\/wp-json\/wp\/v2\/product\/14935","targetHints":{"allow":["GET"]}}],"collection":[{"href":"https:\/\/babolnamenes.hu\/en\/wp-json\/wp\/v2\/product"}],"about":[{"href":"https:\/\/babolnamenes.hu\/en\/wp-json\/wp\/v2\/types\/product"}],"replies":[{"embeddable":true,"href":"https:\/\/babolnamenes.hu\/en\/wp-json\/wp\/v2\/comments?post=14935"}],"wp:featuredmedia":[{"embeddable":true,"href":"https:\/\/babolnamenes.hu\/en\/wp-json\/wp\/v2\/media\/14767"}],"wp:attachment":[{"href":"https:\/\/babolnamenes.hu\/en\/wp-json\/wp\/v2\/media?parent=14935"}],"wp:term":[{"taxonomy":"product_brand","embeddable":true,"href":"https:\/\/babolnamenes.hu\/en\/wp-json\/wp\/v2\/product_brand?post=14935"},{"taxonomy":"product_cat","embeddable":true,"href":"https:\/\/babolnamenes.hu\/en\/wp-json\/wp\/v2\/product_cat?post=14935"},{"taxonomy":"product_tag","embeddable":true,"href":"https:\/\/babolnamenes.hu\/en\/wp-json\/wp\/v2\/product_tag?post=14935"}],"curies":[{"name":"wp","href":"https:\/\/api.w.org\/{rel}","templated":true}]}}