{"id":14937,"date":"2026-01-30T12:48:09","date_gmt":"2026-01-30T11:48:09","guid":{"rendered":"https:\/\/babolnamenes.hu\/?post_type=product&#038;p=14937"},"modified":"2026-02-02T22:27:59","modified_gmt":"2026-02-02T21:27:59","slug":"alibi","status":"publish","type":"product","link":"https:\/\/babolnamenes.hu\/en\/lovak\/termekkategoria\/alibi\/","title":{"rendered":"Alibi"},"content":{"rendered":"<p>\u00c1r: 800 000Ft + \u00c1fa<br \/>\nN\u00e9v: Alibi<br \/>\nSz\u00fcl. \u00e9v: 2020<br \/>\nSz\u00e1rmaz\u00e1s: Silver Frost x Allonya<br \/>\nSz\u00edne: sz\u00fcrke<br \/>\nNeme: kanca<\/p>\n<p>Eredm\u00e9nyes versenykarriert k\u00f6vet\u0151en visszavonult, g\u00e1tversenyre is fel lett k\u00e9sz\u00edtve. Halad\u00f3 lovasnak aj\u00e1nlott. Eg\u00e9szs\u00e9ges.<\/p>\n<p>Megtekinteni el\u0151re egyeztetett id\u0151pontban a tatai, Di\u00f3spuszta telep\u00fcnk\u00f6n lehets\u00e9ges.<br \/>\nEgyeztetni Horv\u00e1th Bal\u00e1zs m\u00e9nesvezet\u0151n\u00e9l: horvath.balazs@babolnamenes.hu, +36209455981<\/p>\n","protected":false},"excerpt":{"rendered":"<div class=\"doboz\"><span class=\"megnev\">Fajta: Angol teliv\u00e9r<\/span><\/div>\n<div class=\"doboz2\"><span class=\"ertek\">\u00c1r: 800 000Ft + \u00c1fa<\/span><\/div>\n<p>\u2022 N\u00e9v: <b>Alibi<\/b><br \/>\n\u2022 Sz\u00fcl. \u00e9v: <b>2020<\/b><br \/>\n\u2022 Sz\u00e1rmaz\u00e1s: <b>Silver Frost x Allonya<\/b><br \/>\n\u2022 Sz\u00edne: <b>sz\u00fcrke<\/b><br \/>\n\u2022 Neme: <b>kanca<\/b><\/p>\n","protected":false},"featured_media":14848,"comment_status":"open","ping_status":"closed","template":"","meta":[],"product_brand":[],"product_cat":[218,224],"product_tag":[],"class_list":{"0":"post-14937","1":"product","2":"type-product","3":"status-publish","4":"has-post-thumbnail","6":"product_cat-horses-for-sale","7":"product_cat-thoroughbred-stud","8":"pa_lofajtaink-thoroughbred","9":"pa_nem-mare","10":"pa_szuletesi-ido-1007","12":"first","13":"instock","14":"taxable","15":"shipping-taxable","16":"product-type-simple"},"_links":{"self":[{"href":"https:\/\/babolnamenes.hu\/en\/wp-json\/wp\/v2\/product\/14937","targetHints":{"allow":["GET"]}}],"collection":[{"href":"https:\/\/babolnamenes.hu\/en\/wp-json\/wp\/v2\/product"}],"about":[{"href":"https:\/\/babolnamenes.hu\/en\/wp-json\/wp\/v2\/types\/product"}],"replies":[{"embeddable":true,"href":"https:\/\/babolnamenes.hu\/en\/wp-json\/wp\/v2\/comments?post=14937"}],"wp:featuredmedia":[{"embeddable":true,"href":"https:\/\/babolnamenes.hu\/en\/wp-json\/wp\/v2\/media\/14848"}],"wp:attachment":[{"href":"https:\/\/babolnamenes.hu\/en\/wp-json\/wp\/v2\/media?parent=14937"}],"wp:term":[{"taxonomy":"product_brand","embeddable":true,"href":"https:\/\/babolnamenes.hu\/en\/wp-json\/wp\/v2\/product_brand?post=14937"},{"taxonomy":"product_cat","embeddable":true,"href":"https:\/\/babolnamenes.hu\/en\/wp-json\/wp\/v2\/product_cat?post=14937"},{"taxonomy":"product_tag","embeddable":true,"href":"https:\/\/babolnamenes.hu\/en\/wp-json\/wp\/v2\/product_tag?post=14937"}],"curies":[{"name":"wp","href":"https:\/\/api.w.org\/{rel}","templated":true}]}}