{"id":4101,"date":"2020-01-23T13:41:04","date_gmt":"2020-01-23T12:41:04","guid":{"rendered":"http:\/\/babolnamenes.hu\/?post_type=product&#038;p=4101"},"modified":"2024-08-07T10:47:05","modified_gmt":"2024-08-07T08:47:05","slug":"shagya-xi-2","status":"publish","type":"product","link":"https:\/\/babolnamenes.hu\/en\/lovak\/termekkategoria\/shagya-xi-2\/","title":{"rendered":"Shagya XI"},"content":{"rendered":"<p style=\"text-align: justify;\">In 2020, our 2010 born grey stallion Shagya XI (Shagya VII \u2013 277 Gazal XIX-3; 161;168;182;20), nicknamed \u201eShagay\u201d will be available for breeding also for the private breeders.<\/p>\n<p style=\"text-align: justify;\">The young stallion has been competing successfully in show jumping for years, and last year got the opportunity to prove himself as a breeding stallion as well. His first foals will be born in the Stud this year.<\/p>\n<p style=\"text-align: justify;\">As the own performance part of the stallion examination, he completed the show jumping and also the cross-country course of the test with exceptional results in 2018. His training has not stopped since then, with M\u00e1ty\u00e1s Bert\u00f3k in his saddle and under the supervision of trainer Ferenc S\u00e1ringer he is achieving better and better results in show jumping.<\/p>\n<p style=\"text-align: justify;\">Shagay is competing since 2015 and he obtained several victories and placings during the years. The stallion has very good character, he is a balanced, cooperative and reliable partner. Out of his 14 starts he got placed 12 times and won 3 times in the tough field of show jumping filled with foreign-bred sport horses.<\/p>\n<p>Most important achievements:<\/p>\n<p>2019, CSI-W VIP Tour B\u00e1bolna, 115 cm, 1st place, 110 cm 2nd place<\/p>\n<p>2019, Championat 2nd round and national competition, 115 cm open, 1st place, 110 cm open, 1st place<\/p>\n<p>2018, CSI2* VIP Tour B\u00e1bolna, 115 cm 1st place<\/p>\n<p>2018, B\u00e1bolnai Nat. Qual. + KEM \u00e9s GYMS regional finals, 110 cm open, 1st place<\/p>\n<p>2018, B\u00e1bolna National Competition and Championat, 110 cm open, 1st place<\/p>\n<p>2018, B\u00e1bolna Regional Competition, 110 cm open, 1st place<\/p>\n<p>2018, Gy\u0151r\u00fajbar\u00e1t Zeusz Cup, 115 cm open, 1st place<\/p>\n<p>2017, N\u00e9methy Bertalan Reg. Finals, B\u00e1bolna, 110 cm open, 1st place<\/p>\n<p>&nbsp;<\/p>\n<p><strong>Information:<\/strong><\/p>\n<p>E-mail:\u00a0menesiroda@babolnamenes.hu<\/p>\n<p>&nbsp;<\/p>\n<p>Dr. Daniella Horv\u00e1th &#8211; vet:<\/p>\n<p>+36 20 326 03 78<\/p>\n<p>&nbsp;<\/p>\n<p>Photos: Hajdu Krisztina\/ lovasfoto.hu, Haga Zsuzsanna, Gudrun Waiditschka<\/p>\n<h2>Pedigree<\/h2>\n<table width=\"393\">\n<thead>\n<tr>\n<th>Parent<\/th>\n<th>Grandparent<\/th>\n<th>Great-grandparent<\/th>\n<\/tr>\n<\/thead>\n<tbody>\n<tr style=\"height: 24px;\">\n<td style=\"height: 96px;\" rowspan=\"4\" width=\"131\">Shagya VII \/Shagay\/<\/td>\n<td style=\"height: 48px;\" rowspan=\"2\" width=\"131\">Shagya XXXIX-11<\/td>\n<td style=\"height: 24px;\" width=\"131\">Shagya XLVI<\/td>\n<\/tr>\n<tr style=\"height: 24px;\">\n<td style=\"height: 24px;\">169 Shagya XXXII-2<\/td>\n<\/tr>\n<tr style=\"height: 24px;\">\n<td style=\"height: 48px;\" rowspan=\"2\">Shagya<\/td>\n<td style=\"height: 24px;\" width=\"131\">Shagya XLVI<\/td>\n<\/tr>\n<tr style=\"height: 24px;\">\n<td style=\"height: 24px;\" width=\"131\">103 Farag<\/td>\n<\/tr>\n<tr style=\"height: 24px;\">\n<td style=\"height: 56.8125px;\" rowspan=\"4\">277 Gazal XIX-3<\/td>\n<td style=\"height: 8.8125px;\" rowspan=\"2\">Gazal XIX \/Paris\/<\/td>\n<td style=\"height: 24px;\" width=\"131\">Bartok<\/td>\n<\/tr>\n<tr>\n<td>Pamina<\/td>\n<\/tr>\n<tr style=\"height: 24px;\">\n<td style=\"height: 48px;\" rowspan=\"2\" width=\"131\">259 O&#8217;Bajan XXIII<\/td>\n<td style=\"height: 24px;\">O&#8217;Bajan XXIII<\/td>\n<\/tr>\n<tr style=\"height: 24px;\">\n<td style=\"height: 24px;\" width=\"131\">191 Gazal XI<\/td>\n<\/tr>\n<\/tbody>\n<\/table>\n","protected":false},"excerpt":{"rendered":"<div class=\"doboz\"><span class=\"megnev\">Stud fee:<\/span><\/div>\n<div class=\"doboz2\"><span class=\"ertek\">600 EUR + VAT<\/span><\/div>\n<p>\u2022 Date of birth: <b>2010<\/b><br \/>\n\u2022 Breed: <b>Shagya<\/b><br \/>\n\u2022 Gender: <b>stallion<\/b><br \/>\n\u2022 Colour: <b>grey<\/b><br \/>\n\u2022 Height: <b>161\u00a0cm<\/b><\/p>\n","protected":false},"featured_media":10877,"comment_status":"closed","ping_status":"closed","template":"","meta":[],"product_brand":[],"product_cat":[228,134],"product_tag":[],"class_list":{"0":"post-4101","1":"product","2":"type-product","3":"status-publish","4":"has-post-thumbnail","6":"product_cat-shagya-arabian","7":"product_cat-stallions","8":"pa_lofajtaink-shagya-arabian","9":"pa_nem-stallion","10":"pa_szuletesi-ido-2010-en","12":"first","13":"instock","14":"taxable","15":"shipping-taxable","16":"product-type-simple"},"_links":{"self":[{"href":"https:\/\/babolnamenes.hu\/en\/wp-json\/wp\/v2\/product\/4101","targetHints":{"allow":["GET"]}}],"collection":[{"href":"https:\/\/babolnamenes.hu\/en\/wp-json\/wp\/v2\/product"}],"about":[{"href":"https:\/\/babolnamenes.hu\/en\/wp-json\/wp\/v2\/types\/product"}],"replies":[{"embeddable":true,"href":"https:\/\/babolnamenes.hu\/en\/wp-json\/wp\/v2\/comments?post=4101"}],"wp:featuredmedia":[{"embeddable":true,"href":"https:\/\/babolnamenes.hu\/en\/wp-json\/wp\/v2\/media\/10877"}],"wp:attachment":[{"href":"https:\/\/babolnamenes.hu\/en\/wp-json\/wp\/v2\/media?parent=4101"}],"wp:term":[{"taxonomy":"product_brand","embeddable":true,"href":"https:\/\/babolnamenes.hu\/en\/wp-json\/wp\/v2\/product_brand?post=4101"},{"taxonomy":"product_cat","embeddable":true,"href":"https:\/\/babolnamenes.hu\/en\/wp-json\/wp\/v2\/product_cat?post=4101"},{"taxonomy":"product_tag","embeddable":true,"href":"https:\/\/babolnamenes.hu\/en\/wp-json\/wp\/v2\/product_tag?post=4101"}],"curies":[{"name":"wp","href":"https:\/\/api.w.org\/{rel}","templated":true}]}}