{"id":6098,"date":"2022-02-02T08:53:44","date_gmt":"2022-02-02T07:53:44","guid":{"rendered":"http:\/\/babolnamenes.hu\/?post_type=product&#038;p=6098"},"modified":"2024-08-07T10:45:00","modified_gmt":"2024-08-07T08:45:00","slug":"obajan-xxxv-3","status":"publish","type":"product","link":"https:\/\/babolnamenes.hu\/en\/lovak\/termekkategoria\/obajan-xxxv-3\/","title":{"rendered":"O\u2019Bajan XXXV"},"content":{"rendered":"<div class=\"stable-tile left\">\n<div class=\"stable-row stable-row-100 head left\"><strong>Sire line<\/strong><\/div>\n<div class=\"stable-row stable-row-100 left\">O&#8217;Bajan db 1885, geboren 1881<\/div>\n<div><\/div>\n<\/div>\n<div class=\"stable-tile left\">\n<div class=\"stable-row stable-row-100 head left\"><strong>Dam line<br \/>\n<\/strong><\/div>\n<div class=\"stable-row stable-row-100 left\">638 Moldauerin, geb. 1790 Bukowina<\/div>\n<\/div>\n<p>&nbsp;<\/p>\n<p><strong>More information:<\/strong><\/p>\n<p>E-mail: menesiroda@babolnamenes.hu<\/p>\n<p>&nbsp;<\/p>\n<p>Dr. Horv\u00e1th Daniella &#8211; vet:<\/p>\n<p>+36 20 326 03 78<\/p>\n<p>&nbsp;<\/p>\n<h2>Pedigree<\/h2>\n<table width=\"393\">\n<thead>\n<tr>\n<th>Parent<\/th>\n<th>Grandparent<\/th>\n<th>Great-grandparent<\/th>\n<\/tr>\n<\/thead>\n<tbody>\n<tr>\n<td rowspan=\"4\" width=\"131\">O&#8217;Bajan XXIX, 2003, bay<\/td>\n<td rowspan=\"2\" width=\"131\">O&#8217;Bajan XXII, 1993.<\/td>\n<td width=\"131\">O&#8217;Bajan XX<\/td>\n<\/tr>\n<tr>\n<td>Cs\u00e1rd\u00e1s Kir\u00e1lyn\u0151<\/td>\n<\/tr>\n<tr>\n<td rowspan=\"2\">253 Kemir V, 1996.<\/td>\n<td width=\"131\">Kemir V<\/td>\n<\/tr>\n<tr>\n<td width=\"131\">178 Juditha<\/td>\n<\/tr>\n<tr>\n<td rowspan=\"4\">283 Gazal XIX, 2006, grey<\/td>\n<td rowspan=\"2\">Gazal XIX, 1985.<\/td>\n<td width=\"131\">Bartok<\/td>\n<\/tr>\n<tr>\n<td>Pamina<\/td>\n<\/tr>\n<tr>\n<td rowspan=\"2\" width=\"131\">109 Amurath Sahib I, 1996.<\/td>\n<td>Pasat<\/td>\n<\/tr>\n<tr>\n<td width=\"131\">190 Shagya I<\/td>\n<\/tr>\n<\/tbody>\n<\/table>\n","protected":false},"excerpt":{"rendered":"<div class=\"doboz\"><span class=\"megnev\">Stud fee:<\/span><\/div>\n<div class=\"doboz2\"><span class=\"ertek\">600 EUR + VAT<\/span><\/div>\n<p>\u2022 Date of birth: <b>2014.<\/b><br \/>\n\u2022 Breed: <b>shagya<\/b><br \/>\n\u2022 Gender: <b>stallion<\/b><br \/>\n\u2022 Color: <b>grey<\/b><br \/>\n\u2022 Height: <b>160 cm<\/b><\/p>\n","protected":false},"featured_media":10870,"comment_status":"closed","ping_status":"closed","template":"","meta":[],"product_brand":[],"product_cat":[228,134],"product_tag":[],"class_list":{"0":"post-6098","1":"product","2":"type-product","3":"status-publish","4":"has-post-thumbnail","6":"product_cat-shagya-arabian","7":"product_cat-stallions","8":"pa_lofajtaink-shagya-arabian","9":"pa_nem-stallion","10":"pa_szuletesi-ido-2014-en","12":"first","13":"instock","14":"taxable","15":"shipping-taxable","16":"product-type-simple"},"_links":{"self":[{"href":"https:\/\/babolnamenes.hu\/en\/wp-json\/wp\/v2\/product\/6098","targetHints":{"allow":["GET"]}}],"collection":[{"href":"https:\/\/babolnamenes.hu\/en\/wp-json\/wp\/v2\/product"}],"about":[{"href":"https:\/\/babolnamenes.hu\/en\/wp-json\/wp\/v2\/types\/product"}],"replies":[{"embeddable":true,"href":"https:\/\/babolnamenes.hu\/en\/wp-json\/wp\/v2\/comments?post=6098"}],"wp:featuredmedia":[{"embeddable":true,"href":"https:\/\/babolnamenes.hu\/en\/wp-json\/wp\/v2\/media\/10870"}],"wp:attachment":[{"href":"https:\/\/babolnamenes.hu\/en\/wp-json\/wp\/v2\/media?parent=6098"}],"wp:term":[{"taxonomy":"product_brand","embeddable":true,"href":"https:\/\/babolnamenes.hu\/en\/wp-json\/wp\/v2\/product_brand?post=6098"},{"taxonomy":"product_cat","embeddable":true,"href":"https:\/\/babolnamenes.hu\/en\/wp-json\/wp\/v2\/product_cat?post=6098"},{"taxonomy":"product_tag","embeddable":true,"href":"https:\/\/babolnamenes.hu\/en\/wp-json\/wp\/v2\/product_tag?post=6098"}],"curies":[{"name":"wp","href":"https:\/\/api.w.org\/{rel}","templated":true}]}}