{"id":6108,"date":"2023-02-28T12:52:19","date_gmt":"2023-02-28T11:52:19","guid":{"rendered":"http:\/\/babolnamenes.hu\/?post_type=product&#038;p=6108"},"modified":"2024-08-07T10:41:33","modified_gmt":"2024-08-07T08:41:33","slug":"gazal-xxii-2-2","status":"publish","type":"product","link":"https:\/\/babolnamenes.hu\/en\/lovak\/termekkategoria\/gazal-xxii-2-2\/","title":{"rendered":"Gazal XXII-2"},"content":{"rendered":"<div class=\"stable-tile left\">\n<div class=\"stable-row stable-row-100 head left\"><strong>Sire line<br \/>\n<\/strong><\/div>\n<div class=\"stable-row stable-row-100 left\">Gazlan db 1852, geboren 1840<\/div>\n<div><\/div>\n<\/div>\n<div class=\"stable-tile left\">\n<div class=\"stable-row stable-row-100 head left\"><strong>Dam line<br \/>\n<\/strong><\/div>\n<div class=\"stable-row stable-row-100 left\">81 Koheila db 1885<\/div>\n<\/div>\n<p><strong>The stallion is set up in: Par\u00e1d, Cifra Ist\u00e1ll\u00f3.<\/strong><\/p>\n<p><strong>The stallion only covers naturally!<\/strong><\/p>\n<p>As the stallion is not on our facility in B\u00e1bolna, but has been moved to the Cifra Stables in Par\u00e1d, payment on the spot is not possible. Therefore we can only issue a transfer invoice for the stud fee.<\/p>\n<p><strong>Tov\u00e1bbi inform\u00e1ci\u00f3k:<\/strong><\/p>\n<p>E-mail: menesiroda@babolnamenes.hu<\/p>\n<p>&nbsp;<\/p>\n<p>Dr. Horv\u00e1th Daniella &#8211; vet:<\/p>\n<p>+36 20 326 03 78<\/p>\n<p>Koren Csaba &#8211; stall master:<\/p>\n<p>+36 20 944 94 42<\/p>\n<p>E-mail: menesiroda@babolnamenes.hu<\/p>\n<h2>Pedigree<\/h2>\n<table width=\"393\">\n<thead>\n<tr>\n<th>Parent<\/th>\n<th>Grandparent<\/th>\n<th>Great-grandparent<\/th>\n<\/tr>\n<\/thead>\n<tbody>\n<tr>\n<td rowspan=\"4\" width=\"131\">Gazal XII, 2004, grey<\/td>\n<td rowspan=\"2\" width=\"131\">Gazal XIX, 1985.<\/td>\n<td width=\"131\">Bartok<\/td>\n<\/tr>\n<tr>\n<td>Pamina<\/td>\n<\/tr>\n<tr>\n<td rowspan=\"2\">190 Shagya I, 1992.<\/td>\n<td width=\"131\">Shagya XXXIX-11<\/td>\n<\/tr>\n<tr>\n<td width=\"131\">146 Shagya XLVI<\/td>\n<\/tr>\n<tr>\n<td rowspan=\"4\">33 Siglavy Bagdady VIII, 2010, grey<\/td>\n<td rowspan=\"2\">\u00a0Siglavy Bagdady VIII, 1985.<\/td>\n<td width=\"131\">Siglavy Bagdady VII<\/td>\n<\/tr>\n<tr>\n<td>1000 Farag III-2<\/td>\n<\/tr>\n<tr>\n<td rowspan=\"2\" width=\"131\">262 Shagya V-7, 2000.<\/td>\n<td>Shagya V<\/td>\n<\/tr>\n<tr>\n<td width=\"131\">191 Gazal XII<\/td>\n<\/tr>\n<\/tbody>\n<\/table>\n","protected":false},"excerpt":{"rendered":"<div class=\"doboz\"><span class=\"megnev\">Stud fee:<\/span><\/div>\n<div class=\"doboz2\"><span class=\"ertek\">600 EUR + VAT<\/span><\/div>\n<p>\u2022 Date of birth: <b>2015.<\/b><br \/>\n\u2022 Breed: <b>shagya<\/b><br \/>\n\u2022 Gender: <b>stallion<\/b><br \/>\n\u2022 Color: <b>grey<\/b><br \/>\n\u2022 Height: <b>153 cm<\/b><\/p>\n","protected":false},"featured_media":10845,"comment_status":"closed","ping_status":"closed","template":"","meta":[],"product_brand":[],"product_cat":[228,134],"product_tag":[],"class_list":{"0":"post-6108","1":"product","2":"type-product","3":"status-publish","4":"has-post-thumbnail","6":"product_cat-shagya-arabian","7":"product_cat-stallions","8":"pa_lofajtaink-shagya-arabian","9":"pa_nem-stallion","10":"pa_szuletesi-ido-2015-en","12":"first","13":"instock","14":"taxable","15":"shipping-taxable","16":"product-type-simple"},"_links":{"self":[{"href":"https:\/\/babolnamenes.hu\/en\/wp-json\/wp\/v2\/product\/6108","targetHints":{"allow":["GET"]}}],"collection":[{"href":"https:\/\/babolnamenes.hu\/en\/wp-json\/wp\/v2\/product"}],"about":[{"href":"https:\/\/babolnamenes.hu\/en\/wp-json\/wp\/v2\/types\/product"}],"replies":[{"embeddable":true,"href":"https:\/\/babolnamenes.hu\/en\/wp-json\/wp\/v2\/comments?post=6108"}],"wp:featuredmedia":[{"embeddable":true,"href":"https:\/\/babolnamenes.hu\/en\/wp-json\/wp\/v2\/media\/10845"}],"wp:attachment":[{"href":"https:\/\/babolnamenes.hu\/en\/wp-json\/wp\/v2\/media?parent=6108"}],"wp:term":[{"taxonomy":"product_brand","embeddable":true,"href":"https:\/\/babolnamenes.hu\/en\/wp-json\/wp\/v2\/product_brand?post=6108"},{"taxonomy":"product_cat","embeddable":true,"href":"https:\/\/babolnamenes.hu\/en\/wp-json\/wp\/v2\/product_cat?post=6108"},{"taxonomy":"product_tag","embeddable":true,"href":"https:\/\/babolnamenes.hu\/en\/wp-json\/wp\/v2\/product_tag?post=6108"}],"curies":[{"name":"wp","href":"https:\/\/api.w.org\/{rel}","templated":true}]}}